{"id":37560,"date":"2021-07-15T12:32:15","date_gmt":"2021-07-15T10:32:15","guid":{"rendered":"https:\/\/www.immobilienbusiness.ch\/?post_type=product&#038;p=37560"},"modified":"2026-02-17T15:58:05","modified_gmt":"2026-02-17T14:58:05","slug":"immobilien-business-ausgabe-7-8-2003","status":"publish","type":"product","link":"https:\/\/www.immobilienbusiness.ch\/de\/produkt\/immobilien-business-ausgabe-7-8-2003\/","title":{"rendered":"Immobilien Business Ausgabe 7-8\/2003"},"content":{"rendered":"<h2>M\u00e4rkte &amp; Player<\/h2>\n<p><strong><em>Szene<\/em><\/strong><\/p>\n<ul>\n<li>Lex Friedrich \u2022 Basler Rheinhafen \u2022 Demographie \u2022 Nachrichten \u2022 Namen<\/li>\n<li>Mittel- und Osteuropa \u2022Topstandorte in Europa \u2022 Zeit der Zugest\u00e4ndnisse \u2022 Nachrichten<\/li>\n<\/ul>\n<p><strong><em>Schweiz<\/em><\/strong><\/p>\n<ul>\n<li>Wohnm\u00e4rkte Nid- und Obwalden: <strong>Sehr begehrte Lagen<\/strong><\/li>\n<li>Fach- und Baum\u00e4rkte: <strong>Ungebremste Expansion<\/strong><\/li>\n<li>Remax: <strong>Bestechend einfach<\/strong><\/li>\n<\/ul>\n<p><strong><em>International<\/em><\/strong><\/p>\n<ul>\n<li>Immobilienm\u00e4rkte Wien: <strong>Rasanter Wandel<\/strong><\/li>\n<li>Internationale Konjunktur: <strong>The Winner Takes it All<\/strong><\/li>\n<\/ul>\n<h2>Investments &amp; Investoren<\/h2>\n<p><strong><em>Szene<\/em><\/strong><\/p>\n<ul>\n<li>LO-Holding Lausanne-Ouchy SA \u2022 Pictet &amp; Cie, Genf \u2022 Abschl\u00fcsse \u2022 Nachrichten \u2022 Namen<\/li>\n<li>Europ\u00e4ischer Verein Inrev \u2022 Fonds Haus-Invest \u2022 Jones Lang LaSalle \u2022 Nachrichten<\/li>\n<\/ul>\n<p><strong><em>Schweiz<\/em><\/strong><\/p>\n<ul>\n<li>REG und Corporate Governance: <strong>Noch nicht im Griff<\/strong><\/li>\n<li>Z\u00fcblin-Gruppe: <strong>M\u00e4chtiger Neubewertungshebel<\/strong><\/li>\n<\/ul>\n<p><strong><em>International<\/em><\/strong><\/p>\n<ul>\n<li><strong>Immobilien Finanzm\u00e4rkte<\/strong><\/li>\n<\/ul>\n<h2>Projekte &amp; Objekte<\/h2>\n<p><strong><em>Szene<\/em><\/strong><\/p>\n<ul>\n<li>D4 Unternehmens- und Innovationszentrum \u2022 Schulhaus f\u00fcr Pflege \u2022 Saurer-Areal Arbon \u2022 ETH \u00abScience City\u00bb \u2022 Neue Projekte<\/li>\n<li>Swiss Re Tower, London \u2022 B\u00fcrogeb\u00e4ude Swarovski \u2022 Daimler-Chrysler Schweiz \u2022 Fussball-stadion St. Gallen \u2022 Nachrichten<\/li>\n<\/ul>\n<p><strong><em>Schweiz<\/em><\/strong><\/p>\n<ul>\n<li>Stadion Z\u00fcrich: <strong>Vor dem Entscheidungsspiel<\/strong><\/li>\n<li>Chesa Futura: <strong>Spektakul\u00e4rer Schindelbau<\/strong><\/li>\n<li>Sunrise-Tower: <strong>Neues Wahrzeichen<\/strong><\/li>\n<\/ul>\n<p><strong><em>International<\/em><\/strong><\/p>\n<ul>\n<li>Hafenprojekte Deutschland: <strong>Die Zukunft liegt wieder am Wasser<\/strong><\/li>\n<\/ul>\n<h2>Management &amp; Know-how<\/h2>\n<p><strong><em>Szene<\/em><\/strong><\/p>\n<ul>\n<li>Immobilienwirtschaft \u2022 Projektmanagement \u2022 Facility Management \u2022 Nachrichten \u2022 B\u00fccher<\/li>\n<\/ul>\n<p><strong><em>Schweiz<\/em><\/strong><\/p>\n<ul>\n<li>Mehrwertsteuer: <strong>Mittel zur Kostensenkung<\/strong><\/li>\n<\/ul>\n<h2>Praxis &amp; Service<\/h2>\n<p><strong><em>Szene<\/em><\/strong><\/p>\n<ul>\n<li>Pro Renova \u2022 Heliobus AG, St. Gallen \u2022 Abonnentenaktion Nachrichten \u2022 Von Nutzen<\/li>\n<\/ul>\n<p><strong><em>Schweiz\/International<\/em><\/strong><\/p>\n<ul>\n<li><strong>Agenda<\/strong><\/li>\n<li>Fl\u00e4chen-Measurement: <strong>Stockwerk gefunden<\/strong><\/li>\n<li>MFH-Kennzahlen: <strong>Immobillen-Benchmarking<\/strong><\/li>\n<li>Sch\u00e4tzungsaktion: <strong>Mehrfamilienhaus-Bewertung<\/strong><\/li>\n<\/ul>\n<h2>Rubriken<\/h2>\n<ul>\n<li><strong>Editorial<\/strong>: Corporate Governance in der Immobilienszene<\/li>\n<li><strong>Meinungsspektrum<\/strong>: Leserinnen und Leser schreiben an die Redaktion<\/li>\n<li><strong>Kolumne<\/strong>: Professor Walter Wittmann \u00fcber demokratische Prinzipien<\/li>\n<\/ul>\n<h2>Fachbeilage<\/h2>\n<p><strong>Immobilien Ausbau<\/strong><\/p>\n<ul>\n<li><strong>B\u00fcrowelten: Praxis statt Prestige<\/strong><\/li>\n<li><strong>Ausbau und Investment: \u00abGrossz\u00fcgigkeit ist gefragt\u00bb<\/strong><\/li>\n<li><strong>Luxus-Ausbau: Klassische Einfachheit<\/strong><\/li>\n<li><strong>Ausbau und Licht: Gezielt einsetzen<\/strong><\/li>\n<li><strong>Aufz\u00fcge: H\u00f6henfl\u00fcge mit Bodenhaftung<\/strong><\/li>\n<li><strong>Raumkonzepte: Power-Erholung f\u00fcr Manager<\/strong><\/li>\n<li><strong>Bodenbel\u00e4ge: Mit F\u00fcssen getreten<\/strong><\/li>\n<\/ul>\n<h2>Anzeigenrubriken<\/h2>\n<ul>\n<li><strong>Immobilienm\u00e4rkte<\/strong>: Mietobjekte\/Mietgesuche &#8211; Verkaufsobjekte\/Kaufgesuche<\/li>\n<li><strong>Topadressen im Internet<\/strong><\/li>\n<li><strong>Impressum<\/strong><\/li>\n<\/ul>\n","protected":false},"excerpt":{"rendered":"<p>Erhalte die deutschsprachige Fachzeitschrift \u00abimmobilienbusiness\u00bb in der Immobilien Business Ausgabe 7-8\/2003 als PDF-Download mit nachfolgendem Inhaltsverzeichnis:<\/p>\n","protected":false},"featured_media":37590,"template":"","meta":{"_acf_changed":false,"pgc_sgb_lightbox_settings":""},"product_brand":[],"product_cat":[921],"product_tag":[938],"class_list":{"0":"post-37560","1":"product","2":"type-product","3":"status-publish","4":"has-post-thumbnail","6":"product_cat-einzelausgaben","7":"product_tag-938","9":"first","10":"instock","11":"downloadable","12":"virtual","13":"taxable","14":"purchasable","15":"product-type-simple"},"acf":[],"yoast_head":"<!-- This site is optimized with the Yoast SEO plugin v27.4 - https:\/\/yoast.com\/product\/yoast-seo-wordpress\/ -->\n<title>Immobilien Business Ausgabe 7-8\/2003 - IMMOBILIEN Business<\/title>\n<meta name=\"description\" content=\"Erhalte die deutschsprachige Fachzeitschrift \u00abimmobilienbusiness\u00bb in der Immobilien Business Ausgabe 7-8\/2003 als PDF-Download mit nachfolgendem Inhaltsverzeichnis:\" \/>\n<meta name=\"robots\" content=\"index, follow, max-snippet:-1, max-image-preview:large, max-video-preview:-1\" \/>\n<link rel=\"canonical\" href=\"https:\/\/www.immobilienbusiness.ch\/de\/produkt\/immobilien-business-ausgabe-7-8-2003\/\" \/>\n<meta property=\"og:locale\" content=\"de_DE\" \/>\n<meta property=\"og:type\" content=\"article\" \/>\n<meta property=\"og:title\" content=\"Immobilien Business Ausgabe 7-8\/2003 - IMMOBILIEN Business\" \/>\n<meta property=\"og:description\" content=\"Erhalte die deutschsprachige Fachzeitschrift \u00abimmobilienbusiness\u00bb in der Immobilien Business Ausgabe 7-8\/2003 als PDF-Download mit nachfolgendem Inhaltsverzeichnis:\" \/>\n<meta property=\"og:url\" content=\"https:\/\/www.immobilienbusiness.ch\/de\/produkt\/immobilien-business-ausgabe-7-8-2003\/\" \/>\n<meta property=\"og:site_name\" content=\"IMMOBILIEN Business\" \/>\n<meta property=\"article:publisher\" content=\"https:\/\/www.facebook.com\/immobilienbusiness\/\" \/>\n<meta property=\"article:modified_time\" content=\"2026-02-17T14:58:05+00:00\" \/>\n<meta property=\"og:image\" content=\"https:\/\/www.immobilienbusiness.ch\/wp-content\/uploads\/2021\/07\/Immobilien_Business_2003_7-8.png\" \/>\n\t<meta property=\"og:image:width\" content=\"654\" \/>\n\t<meta property=\"og:image:height\" content=\"370\" \/>\n\t<meta property=\"og:image:type\" content=\"image\/png\" \/>\n<meta name=\"twitter:card\" content=\"summary_large_image\" \/>\n<script type=\"application\/ld+json\" class=\"yoast-schema-graph\">{\"@context\":\"https:\\\/\\\/schema.org\",\"@graph\":[{\"@type\":\"WebPage\",\"@id\":\"https:\\\/\\\/www.immobilienbusiness.ch\\\/produkt\\\/immobilien-business-ausgabe-7-8-2003\\\/\",\"url\":\"https:\\\/\\\/www.immobilienbusiness.ch\\\/produkt\\\/immobilien-business-ausgabe-7-8-2003\\\/\",\"name\":\"Immobilien Business Ausgabe 7-8\\\/2003 - IMMOBILIEN Business\",\"isPartOf\":{\"@id\":\"https:\\\/\\\/www.immobilienbusiness.ch\\\/#website\"},\"primaryImageOfPage\":{\"@id\":\"https:\\\/\\\/www.immobilienbusiness.ch\\\/produkt\\\/immobilien-business-ausgabe-7-8-2003\\\/#primaryimage\"},\"image\":{\"@id\":\"https:\\\/\\\/www.immobilienbusiness.ch\\\/produkt\\\/immobilien-business-ausgabe-7-8-2003\\\/#primaryimage\"},\"thumbnailUrl\":\"https:\\\/\\\/www.immobilienbusiness.ch\\\/wp-content\\\/uploads\\\/2021\\\/07\\\/Immobilien_Business_2003_7-8.png\",\"datePublished\":\"2021-07-15T10:32:15+00:00\",\"dateModified\":\"2026-02-17T14:58:05+00:00\",\"description\":\"Erhalte die deutschsprachige Fachzeitschrift \u00abimmobilienbusiness\u00bb in der Immobilien Business Ausgabe 7-8\\\/2003 als PDF-Download mit nachfolgendem Inhaltsverzeichnis:\",\"breadcrumb\":{\"@id\":\"https:\\\/\\\/www.immobilienbusiness.ch\\\/produkt\\\/immobilien-business-ausgabe-7-8-2003\\\/#breadcrumb\"},\"inLanguage\":\"de\",\"potentialAction\":[{\"@type\":\"ReadAction\",\"target\":[\"https:\\\/\\\/www.immobilienbusiness.ch\\\/produkt\\\/immobilien-business-ausgabe-7-8-2003\\\/\"]}]},{\"@type\":\"ImageObject\",\"inLanguage\":\"de\",\"@id\":\"https:\\\/\\\/www.immobilienbusiness.ch\\\/produkt\\\/immobilien-business-ausgabe-7-8-2003\\\/#primaryimage\",\"url\":\"https:\\\/\\\/www.immobilienbusiness.ch\\\/wp-content\\\/uploads\\\/2021\\\/07\\\/Immobilien_Business_2003_7-8.png\",\"contentUrl\":\"https:\\\/\\\/www.immobilienbusiness.ch\\\/wp-content\\\/uploads\\\/2021\\\/07\\\/Immobilien_Business_2003_7-8.png\",\"width\":654,\"height\":370},{\"@type\":\"BreadcrumbList\",\"@id\":\"https:\\\/\\\/www.immobilienbusiness.ch\\\/produkt\\\/immobilien-business-ausgabe-7-8-2003\\\/#breadcrumb\",\"itemListElement\":[{\"@type\":\"ListItem\",\"position\":1,\"name\":\"Home\",\"item\":\"https:\\\/\\\/www.immobilienbusiness.ch\\\/\"},{\"@type\":\"ListItem\",\"position\":2,\"name\":\"Shop\",\"item\":\"https:\\\/\\\/www.immobilienbusiness.ch\\\/en\\\/shop\\\/\"},{\"@type\":\"ListItem\",\"position\":3,\"name\":\"Immobilien Business Ausgabe 7-8\\\/2003\"}]},{\"@type\":\"WebSite\",\"@id\":\"https:\\\/\\\/www.immobilienbusiness.ch\\\/#website\",\"url\":\"https:\\\/\\\/www.immobilienbusiness.ch\\\/\",\"name\":\"IMMOBILIEN Business\",\"description\":\"Unabh\u00e4ngiges Schweizer Wirtschaftsmagazin mit Fokus auf Immobilien, Architektur- und Bau sowie Investment- und Finanzierung.\",\"publisher\":{\"@id\":\"https:\\\/\\\/www.immobilienbusiness.ch\\\/#organization\"},\"potentialAction\":[{\"@type\":\"SearchAction\",\"target\":{\"@type\":\"EntryPoint\",\"urlTemplate\":\"https:\\\/\\\/www.immobilienbusiness.ch\\\/?s={search_term_string}\"},\"query-input\":{\"@type\":\"PropertyValueSpecification\",\"valueRequired\":true,\"valueName\":\"search_term_string\"}}],\"inLanguage\":\"de\"},{\"@type\":\"Organization\",\"@id\":\"https:\\\/\\\/www.immobilienbusiness.ch\\\/#organization\",\"name\":\"IMMOBILIEN Business\",\"url\":\"https:\\\/\\\/www.immobilienbusiness.ch\\\/\",\"logo\":{\"@type\":\"ImageObject\",\"inLanguage\":\"de\",\"@id\":\"https:\\\/\\\/www.immobilienbusiness.ch\\\/#\\\/schema\\\/logo\\\/image\\\/\",\"url\":\"https:\\\/\\\/www.immobilienbusiness.ch\\\/wp-content\\\/uploads\\\/2021\\\/07\\\/logo_ib.png\",\"contentUrl\":\"https:\\\/\\\/www.immobilienbusiness.ch\\\/wp-content\\\/uploads\\\/2021\\\/07\\\/logo_ib.png\",\"width\":800,\"height\":181,\"caption\":\"IMMOBILIEN Business\"},\"image\":{\"@id\":\"https:\\\/\\\/www.immobilienbusiness.ch\\\/#\\\/schema\\\/logo\\\/image\\\/\"},\"sameAs\":[\"https:\\\/\\\/www.facebook.com\\\/immobilienbusiness\\\/\"]}]}<\/script>\n<!-- \/ Yoast SEO plugin. -->","yoast_head_json":{"title":"Immobilien Business Ausgabe 7-8\/2003 - IMMOBILIEN Business","description":"Erhalte die deutschsprachige Fachzeitschrift \u00abimmobilienbusiness\u00bb in der Immobilien Business Ausgabe 7-8\/2003 als PDF-Download mit nachfolgendem Inhaltsverzeichnis:","robots":{"index":"index","follow":"follow","max-snippet":"max-snippet:-1","max-image-preview":"max-image-preview:large","max-video-preview":"max-video-preview:-1"},"canonical":"https:\/\/www.immobilienbusiness.ch\/de\/produkt\/immobilien-business-ausgabe-7-8-2003\/","og_locale":"de_DE","og_type":"article","og_title":"Immobilien Business Ausgabe 7-8\/2003 - IMMOBILIEN Business","og_description":"Erhalte die deutschsprachige Fachzeitschrift \u00abimmobilienbusiness\u00bb in der Immobilien Business Ausgabe 7-8\/2003 als PDF-Download mit nachfolgendem Inhaltsverzeichnis:","og_url":"https:\/\/www.immobilienbusiness.ch\/de\/produkt\/immobilien-business-ausgabe-7-8-2003\/","og_site_name":"IMMOBILIEN Business","article_publisher":"https:\/\/www.facebook.com\/immobilienbusiness\/","article_modified_time":"2026-02-17T14:58:05+00:00","og_image":[{"width":654,"height":370,"url":"https:\/\/www.immobilienbusiness.ch\/wp-content\/uploads\/2021\/07\/Immobilien_Business_2003_7-8.png","type":"image\/png"}],"twitter_card":"summary_large_image","schema":{"@context":"https:\/\/schema.org","@graph":[{"@type":"WebPage","@id":"https:\/\/www.immobilienbusiness.ch\/produkt\/immobilien-business-ausgabe-7-8-2003\/","url":"https:\/\/www.immobilienbusiness.ch\/produkt\/immobilien-business-ausgabe-7-8-2003\/","name":"Immobilien Business Ausgabe 7-8\/2003 - IMMOBILIEN Business","isPartOf":{"@id":"https:\/\/www.immobilienbusiness.ch\/#website"},"primaryImageOfPage":{"@id":"https:\/\/www.immobilienbusiness.ch\/produkt\/immobilien-business-ausgabe-7-8-2003\/#primaryimage"},"image":{"@id":"https:\/\/www.immobilienbusiness.ch\/produkt\/immobilien-business-ausgabe-7-8-2003\/#primaryimage"},"thumbnailUrl":"https:\/\/www.immobilienbusiness.ch\/wp-content\/uploads\/2021\/07\/Immobilien_Business_2003_7-8.png","datePublished":"2021-07-15T10:32:15+00:00","dateModified":"2026-02-17T14:58:05+00:00","description":"Erhalte die deutschsprachige Fachzeitschrift \u00abimmobilienbusiness\u00bb in der Immobilien Business Ausgabe 7-8\/2003 als PDF-Download mit nachfolgendem Inhaltsverzeichnis:","breadcrumb":{"@id":"https:\/\/www.immobilienbusiness.ch\/produkt\/immobilien-business-ausgabe-7-8-2003\/#breadcrumb"},"inLanguage":"de","potentialAction":[{"@type":"ReadAction","target":["https:\/\/www.immobilienbusiness.ch\/produkt\/immobilien-business-ausgabe-7-8-2003\/"]}]},{"@type":"ImageObject","inLanguage":"de","@id":"https:\/\/www.immobilienbusiness.ch\/produkt\/immobilien-business-ausgabe-7-8-2003\/#primaryimage","url":"https:\/\/www.immobilienbusiness.ch\/wp-content\/uploads\/2021\/07\/Immobilien_Business_2003_7-8.png","contentUrl":"https:\/\/www.immobilienbusiness.ch\/wp-content\/uploads\/2021\/07\/Immobilien_Business_2003_7-8.png","width":654,"height":370},{"@type":"BreadcrumbList","@id":"https:\/\/www.immobilienbusiness.ch\/produkt\/immobilien-business-ausgabe-7-8-2003\/#breadcrumb","itemListElement":[{"@type":"ListItem","position":1,"name":"Home","item":"https:\/\/www.immobilienbusiness.ch\/"},{"@type":"ListItem","position":2,"name":"Shop","item":"https:\/\/www.immobilienbusiness.ch\/en\/shop\/"},{"@type":"ListItem","position":3,"name":"Immobilien Business Ausgabe 7-8\/2003"}]},{"@type":"WebSite","@id":"https:\/\/www.immobilienbusiness.ch\/#website","url":"https:\/\/www.immobilienbusiness.ch\/","name":"IMMOBILIEN Business","description":"Unabh\u00e4ngiges Schweizer Wirtschaftsmagazin mit Fokus auf Immobilien, Architektur- und Bau sowie Investment- und Finanzierung.","publisher":{"@id":"https:\/\/www.immobilienbusiness.ch\/#organization"},"potentialAction":[{"@type":"SearchAction","target":{"@type":"EntryPoint","urlTemplate":"https:\/\/www.immobilienbusiness.ch\/?s={search_term_string}"},"query-input":{"@type":"PropertyValueSpecification","valueRequired":true,"valueName":"search_term_string"}}],"inLanguage":"de"},{"@type":"Organization","@id":"https:\/\/www.immobilienbusiness.ch\/#organization","name":"IMMOBILIEN Business","url":"https:\/\/www.immobilienbusiness.ch\/","logo":{"@type":"ImageObject","inLanguage":"de","@id":"https:\/\/www.immobilienbusiness.ch\/#\/schema\/logo\/image\/","url":"https:\/\/www.immobilienbusiness.ch\/wp-content\/uploads\/2021\/07\/logo_ib.png","contentUrl":"https:\/\/www.immobilienbusiness.ch\/wp-content\/uploads\/2021\/07\/logo_ib.png","width":800,"height":181,"caption":"IMMOBILIEN Business"},"image":{"@id":"https:\/\/www.immobilienbusiness.ch\/#\/schema\/logo\/image\/"},"sameAs":["https:\/\/www.facebook.com\/immobilienbusiness\/"]}]}},"_links":{"self":[{"href":"https:\/\/www.immobilienbusiness.ch\/de\/wp-json\/wp\/v2\/product\/37560","targetHints":{"allow":["GET"]}}],"collection":[{"href":"https:\/\/www.immobilienbusiness.ch\/de\/wp-json\/wp\/v2\/product"}],"about":[{"href":"https:\/\/www.immobilienbusiness.ch\/de\/wp-json\/wp\/v2\/types\/product"}],"wp:featuredmedia":[{"embeddable":true,"href":"https:\/\/www.immobilienbusiness.ch\/de\/wp-json\/wp\/v2\/media\/37590"}],"wp:attachment":[{"href":"https:\/\/www.immobilienbusiness.ch\/de\/wp-json\/wp\/v2\/media?parent=37560"}],"wp:term":[{"taxonomy":"product_brand","embeddable":true,"href":"https:\/\/www.immobilienbusiness.ch\/de\/wp-json\/wp\/v2\/product_brand?post=37560"},{"taxonomy":"product_cat","embeddable":true,"href":"https:\/\/www.immobilienbusiness.ch\/de\/wp-json\/wp\/v2\/product_cat?post=37560"},{"taxonomy":"product_tag","embeddable":true,"href":"https:\/\/www.immobilienbusiness.ch\/de\/wp-json\/wp\/v2\/product_tag?post=37560"}],"curies":[{"name":"wp","href":"https:\/\/api.w.org\/{rel}","templated":true}]}}