{"id":37557,"date":"2021-07-15T12:32:14","date_gmt":"2021-07-15T10:32:14","guid":{"rendered":"https:\/\/www.immobilienbusiness.ch\/?post_type=product&#038;p=37557"},"modified":"2026-02-17T15:58:09","modified_gmt":"2026-02-17T14:58:09","slug":"immobilien-business-ausgabe-11-2003","status":"publish","type":"product","link":"https:\/\/www.immobilienbusiness.ch\/de\/produkt\/immobilien-business-ausgabe-11-2003\/","title":{"rendered":"Immobilien Business Ausgabe 11\/2003"},"content":{"rendered":"<h2>M\u00e4rkte &amp; Player<\/h2>\n<p><strong><em>Szene<\/em><\/strong><\/p>\n<ul>\n<li>Homegate.ch-Angebotsmietindex September \u2022 B\u00fcromarkt in Prag \u2022 Hochbaudepartement Z\u00fcrich \u2022 Nachrichten \u2022 Namen<\/li>\n<li>B\u00fcromarkt Deutschland \u2022 Topstandorte in Europa \u2022 \u00dcberhitzter Immobilienmarkt in Australien \u2022 Expo Real \u2022 Nachrichten<\/li>\n<\/ul>\n<p><strong><em>Schweiz<\/em><\/strong><\/p>\n<ul>\n<li>RailCities: <strong>Tr\u00fcmpfe im Immobilienportfolio<\/strong><\/li>\n<li>Kreditpolitik: <strong>Viel L\u00e4rm um S\u00fcdanfl\u00fcge<\/strong><\/li>\n<li>Livit: <strong>\u00abFlexibel, transparent und zeitgem\u00e4ss\u00bb<\/strong><\/li>\n<li>Wallis: <strong>In einsamer Gipfelh\u00f6he<\/strong><\/li>\n<\/ul>\n<p><strong><em>International<\/em><\/strong><\/p>\n<ul>\n<li>Wellnessimmobilien: <strong>Das Gesch\u00e4ft mit dem Wohlbefinden<\/strong><\/li>\n<\/ul>\n<h2>Investments &amp; Investoren<\/h2>\n<p><strong><em>Szene<\/em><\/strong><\/p>\n<ul>\n<li>Immobilien als Rettungsanker \u2022 Hypo Re al Estate Group \u00bbAbschl\u00fcsse<\/li>\n<li>Immobilienaktien Hongkong \u2022 Grenz\u00fcberschreitende Investitionen \u2022 Nachrichten \u2022 Abschl\u00fcsse<\/li>\n<\/ul>\n<p><strong><em>Schweiz<\/em><\/strong><\/p>\n<ul>\n<li>Immobilienfonds: <strong>Durcheinander in der Kostenberechnung<\/strong><\/li>\n<li>Stadt Bern: <strong>Die Mieterschaft solls richten<\/strong><\/li>\n<li>Performancevergleiche: <strong>Licht auf einen dunklen Fleck<\/strong><\/li>\n<\/ul>\n<p><strong><em>International<\/em><\/strong><\/p>\n<ul>\n<li>Asset Allocation: <strong>Europ\u00e4isches Immobilien-Puzzle<\/strong><\/li>\n<li>E-Regi-Studie: <strong>Immobilienhochburgen auf dem alten Kontinent<\/strong><\/li>\n<li><strong>Immobilien Finanzm\u00e4rkte<\/strong><\/li>\n<\/ul>\n<h2>Projekte &amp; Objekte<\/h2>\n<p><strong><em>Szene<\/em><\/strong><\/p>\n<ul>\n<li>Seminarmeile Solothurn \u2022 Multiplex-Kino f\u00fcr Basel \u2022 Arnikahof Z\u00fcrich \u2022 Neuer Sitz von Siemens in Moskau \u2022 Neue Projekte<\/li>\n<\/ul>\n<p><strong><em>Schweiz\/International<\/em><\/strong><\/p>\n<ul>\n<li>Olympiastadion Peking: <strong>Kolossal radikal<\/strong><\/li>\n<li>Lugano-Paradiso: <strong>Luxuri\u00f6se Oase<\/strong><\/li>\n<li>Floating Homes: <strong>Schleusenfeste Wohnbauten<\/strong><\/li>\n<li>Greenwich Village: <strong>Ungleiche Zwillingst\u00fcrme<\/strong><\/li>\n<\/ul>\n<h2>Management &amp; Know-how<\/h2>\n<p><strong><em>Szene<\/em><\/strong><\/p>\n<ul>\n<li>Group of fifteen \u2022 Hochschule W\u00e4denswil \u2022 Ries Switz erland \u2022 B\u00fccher \u2022 Nachrichten<\/li>\n<li>Schwierige Altlastensanierung \u2022 Erfolgreiches Praxiswissen \u2022 lfma Junior Award \u2022 Fachkr\u00e4fte gesucht \u2022 IVG Immobilien AG<\/li>\n<\/ul>\n<p><strong><em>Schweiz<\/em><\/strong><\/p>\n<ul>\n<li>Residualwert: <strong>Der Wert, der aus der Zukunft kommt<\/strong><\/li>\n<\/ul>\n<h2>Praxis &amp; Service<\/h2>\n<p><strong><em>Szene<\/em><\/strong><\/p>\n<ul>\n<li>Imex 03 \u2022 Difa-Award 2004 \u2022 l. FM-F achmesse \u2022 Nachrichten \u2022 Von Nutzen<\/li>\n<li><strong>Agenda<\/strong><\/li>\n<\/ul>\n<p><strong><em>Schweiz<\/em><\/strong><\/p>\n<ul>\n<li>Facility Management: <strong>Trends und aktuelle Kennz ahlen<\/strong><\/li>\n<li>MFH-Kennz ahlen: <strong>Immobilien-Benchmarking<\/strong><\/li>\n<li>Sch\u00e4tzungsaktion: <strong>Mehrfamilienhaus-Bewertung<\/strong><\/li>\n<\/ul>\n<h2>Rubriken<\/h2>\n<ul>\n<li><strong>Editorial<\/strong>: Die Geste des grossen Wurfs<\/li>\n<li><strong>Meinungsspektrum<\/strong>: Leserinnen und Leser schreiben an die Redaktion<\/li>\n<li><strong>Kolumne<\/strong>: Professor Walter Wittmann \u00fcber die Flucht in Immobilien<\/li>\n<\/ul>\n<h2>Spezial<\/h2>\n<p><strong><em>Immobiliensoftware<\/em><\/strong><\/p>\n<ul>\n<li>Customer Relationship Management: <strong>Hilfreich, anspruchsvoll, oft kostspielig<\/strong><\/li>\n<li>Management-Informationssystem MIS: <strong>Nachhaltige Rendite optimierung<\/strong><\/li>\n<li>Konnex-Bus: <strong>Kommt jetzt das intelligente Haus?<\/strong><\/li>\n<li><strong>Das Marktangebot auf einen Blick<\/strong><\/li>\n<\/ul>\n<h2>Fachbeilage<\/h2>\n<ul>\n<li>B\u00fcrowelt der Zukunft: <strong>Zentren der Kre ativit\u00e4t und Innovation<\/strong><\/li>\n<li>Arbeitsplatzgestaltung: <strong>Das Umfeld muss stimmen<\/strong><\/li>\n<li>Geschichte des B\u00fcros: <strong>Von der F eder zum Laptop<\/strong><\/li>\n<li>Der B\u00fcroalltag in der Literatur: <strong>\u00abDie F eder eines Commis ist meistrecht spitz, scharf und grausam\u00bb<\/strong><\/li>\n<\/ul>\n<h2>Anzeigenrubriken<\/h2>\n<p><strong>Immobilienm\u00e4rkte<\/strong>: Mietobjekte\/Mietgesuche &#8211; Verkaufsobjekte\/Kaufgesuche<br \/>\n<strong>Stellengesuche<\/strong><br \/>\n<strong>Topadressen im Internet<\/strong><br \/>\n<strong>Impressum<\/strong><\/p>\n","protected":false},"excerpt":{"rendered":"<p>Erhalte die deutschsprachige Fachzeitschrift \u00abimmobilienbusiness\u00bb in der Immobilien Business Ausgabe 11\/2003 als PDF-Download mit nachfolgendem Inhaltsverzeichnis:<\/p>\n","protected":false},"featured_media":37587,"template":"","meta":{"_acf_changed":false,"pgc_sgb_lightbox_settings":""},"product_brand":[],"product_cat":[921],"product_tag":[938],"class_list":{"0":"post-37557","1":"product","2":"type-product","3":"status-publish","4":"has-post-thumbnail","6":"product_cat-einzelausgaben","7":"product_tag-938","9":"first","10":"instock","11":"downloadable","12":"virtual","13":"taxable","14":"purchasable","15":"product-type-simple"},"acf":[],"yoast_head":"<!-- This site is optimized with the Yoast SEO plugin v27.4 - https:\/\/yoast.com\/product\/yoast-seo-wordpress\/ -->\n<title>Immobilien Business Ausgabe 11\/2003 - IMMOBILIEN Business<\/title>\n<meta name=\"description\" content=\"Erhalte die deutschsprachige Fachzeitschrift \u00abimmobilienbusiness\u00bb in der Immobilien Business Ausgabe 11\/2003 als PDF-Download mit nachfolgendem Inhaltsverzeichnis:\" \/>\n<meta name=\"robots\" content=\"index, follow, max-snippet:-1, max-image-preview:large, max-video-preview:-1\" \/>\n<link rel=\"canonical\" href=\"https:\/\/www.immobilienbusiness.ch\/de\/produkt\/immobilien-business-ausgabe-11-2003\/\" \/>\n<meta property=\"og:locale\" content=\"de_DE\" \/>\n<meta property=\"og:type\" content=\"article\" \/>\n<meta property=\"og:title\" content=\"Immobilien Business Ausgabe 11\/2003 - IMMOBILIEN Business\" \/>\n<meta property=\"og:description\" content=\"Erhalte die deutschsprachige Fachzeitschrift \u00abimmobilienbusiness\u00bb in der Immobilien Business Ausgabe 11\/2003 als PDF-Download mit nachfolgendem Inhaltsverzeichnis:\" \/>\n<meta property=\"og:url\" content=\"https:\/\/www.immobilienbusiness.ch\/de\/produkt\/immobilien-business-ausgabe-11-2003\/\" \/>\n<meta property=\"og:site_name\" content=\"IMMOBILIEN Business\" \/>\n<meta property=\"article:publisher\" content=\"https:\/\/www.facebook.com\/immobilienbusiness\/\" \/>\n<meta property=\"article:modified_time\" content=\"2026-02-17T14:58:09+00:00\" \/>\n<meta property=\"og:image\" content=\"https:\/\/www.immobilienbusiness.ch\/wp-content\/uploads\/2021\/07\/Immobilien_Business_2003_11.png\" \/>\n\t<meta property=\"og:image:width\" content=\"654\" \/>\n\t<meta property=\"og:image:height\" content=\"370\" \/>\n\t<meta property=\"og:image:type\" content=\"image\/png\" \/>\n<meta name=\"twitter:card\" content=\"summary_large_image\" \/>\n<script type=\"application\/ld+json\" class=\"yoast-schema-graph\">{\"@context\":\"https:\\\/\\\/schema.org\",\"@graph\":[{\"@type\":\"WebPage\",\"@id\":\"https:\\\/\\\/www.immobilienbusiness.ch\\\/produkt\\\/immobilien-business-ausgabe-11-2003\\\/\",\"url\":\"https:\\\/\\\/www.immobilienbusiness.ch\\\/produkt\\\/immobilien-business-ausgabe-11-2003\\\/\",\"name\":\"Immobilien Business Ausgabe 11\\\/2003 - IMMOBILIEN Business\",\"isPartOf\":{\"@id\":\"https:\\\/\\\/www.immobilienbusiness.ch\\\/#website\"},\"primaryImageOfPage\":{\"@id\":\"https:\\\/\\\/www.immobilienbusiness.ch\\\/produkt\\\/immobilien-business-ausgabe-11-2003\\\/#primaryimage\"},\"image\":{\"@id\":\"https:\\\/\\\/www.immobilienbusiness.ch\\\/produkt\\\/immobilien-business-ausgabe-11-2003\\\/#primaryimage\"},\"thumbnailUrl\":\"https:\\\/\\\/www.immobilienbusiness.ch\\\/wp-content\\\/uploads\\\/2021\\\/07\\\/Immobilien_Business_2003_11.png\",\"datePublished\":\"2021-07-15T10:32:14+00:00\",\"dateModified\":\"2026-02-17T14:58:09+00:00\",\"description\":\"Erhalte die deutschsprachige Fachzeitschrift \u00abimmobilienbusiness\u00bb in der Immobilien Business Ausgabe 11\\\/2003 als PDF-Download mit nachfolgendem Inhaltsverzeichnis:\",\"breadcrumb\":{\"@id\":\"https:\\\/\\\/www.immobilienbusiness.ch\\\/produkt\\\/immobilien-business-ausgabe-11-2003\\\/#breadcrumb\"},\"inLanguage\":\"de\",\"potentialAction\":[{\"@type\":\"ReadAction\",\"target\":[\"https:\\\/\\\/www.immobilienbusiness.ch\\\/produkt\\\/immobilien-business-ausgabe-11-2003\\\/\"]}]},{\"@type\":\"ImageObject\",\"inLanguage\":\"de\",\"@id\":\"https:\\\/\\\/www.immobilienbusiness.ch\\\/produkt\\\/immobilien-business-ausgabe-11-2003\\\/#primaryimage\",\"url\":\"https:\\\/\\\/www.immobilienbusiness.ch\\\/wp-content\\\/uploads\\\/2021\\\/07\\\/Immobilien_Business_2003_11.png\",\"contentUrl\":\"https:\\\/\\\/www.immobilienbusiness.ch\\\/wp-content\\\/uploads\\\/2021\\\/07\\\/Immobilien_Business_2003_11.png\",\"width\":654,\"height\":370},{\"@type\":\"BreadcrumbList\",\"@id\":\"https:\\\/\\\/www.immobilienbusiness.ch\\\/produkt\\\/immobilien-business-ausgabe-11-2003\\\/#breadcrumb\",\"itemListElement\":[{\"@type\":\"ListItem\",\"position\":1,\"name\":\"Home\",\"item\":\"https:\\\/\\\/www.immobilienbusiness.ch\\\/\"},{\"@type\":\"ListItem\",\"position\":2,\"name\":\"Shop\",\"item\":\"https:\\\/\\\/www.immobilienbusiness.ch\\\/en\\\/shop\\\/\"},{\"@type\":\"ListItem\",\"position\":3,\"name\":\"Immobilien Business Ausgabe 11\\\/2003\"}]},{\"@type\":\"WebSite\",\"@id\":\"https:\\\/\\\/www.immobilienbusiness.ch\\\/#website\",\"url\":\"https:\\\/\\\/www.immobilienbusiness.ch\\\/\",\"name\":\"IMMOBILIEN Business\",\"description\":\"Unabh\u00e4ngiges Schweizer Wirtschaftsmagazin mit Fokus auf Immobilien, Architektur- und Bau sowie Investment- und Finanzierung.\",\"publisher\":{\"@id\":\"https:\\\/\\\/www.immobilienbusiness.ch\\\/#organization\"},\"potentialAction\":[{\"@type\":\"SearchAction\",\"target\":{\"@type\":\"EntryPoint\",\"urlTemplate\":\"https:\\\/\\\/www.immobilienbusiness.ch\\\/?s={search_term_string}\"},\"query-input\":{\"@type\":\"PropertyValueSpecification\",\"valueRequired\":true,\"valueName\":\"search_term_string\"}}],\"inLanguage\":\"de\"},{\"@type\":\"Organization\",\"@id\":\"https:\\\/\\\/www.immobilienbusiness.ch\\\/#organization\",\"name\":\"IMMOBILIEN Business\",\"url\":\"https:\\\/\\\/www.immobilienbusiness.ch\\\/\",\"logo\":{\"@type\":\"ImageObject\",\"inLanguage\":\"de\",\"@id\":\"https:\\\/\\\/www.immobilienbusiness.ch\\\/#\\\/schema\\\/logo\\\/image\\\/\",\"url\":\"https:\\\/\\\/www.immobilienbusiness.ch\\\/wp-content\\\/uploads\\\/2021\\\/07\\\/logo_ib.png\",\"contentUrl\":\"https:\\\/\\\/www.immobilienbusiness.ch\\\/wp-content\\\/uploads\\\/2021\\\/07\\\/logo_ib.png\",\"width\":800,\"height\":181,\"caption\":\"IMMOBILIEN Business\"},\"image\":{\"@id\":\"https:\\\/\\\/www.immobilienbusiness.ch\\\/#\\\/schema\\\/logo\\\/image\\\/\"},\"sameAs\":[\"https:\\\/\\\/www.facebook.com\\\/immobilienbusiness\\\/\"]}]}<\/script>\n<!-- \/ Yoast SEO plugin. -->","yoast_head_json":{"title":"Immobilien Business Ausgabe 11\/2003 - IMMOBILIEN Business","description":"Erhalte die deutschsprachige Fachzeitschrift \u00abimmobilienbusiness\u00bb in der Immobilien Business Ausgabe 11\/2003 als PDF-Download mit nachfolgendem Inhaltsverzeichnis:","robots":{"index":"index","follow":"follow","max-snippet":"max-snippet:-1","max-image-preview":"max-image-preview:large","max-video-preview":"max-video-preview:-1"},"canonical":"https:\/\/www.immobilienbusiness.ch\/de\/produkt\/immobilien-business-ausgabe-11-2003\/","og_locale":"de_DE","og_type":"article","og_title":"Immobilien Business Ausgabe 11\/2003 - IMMOBILIEN Business","og_description":"Erhalte die deutschsprachige Fachzeitschrift \u00abimmobilienbusiness\u00bb in der Immobilien Business Ausgabe 11\/2003 als PDF-Download mit nachfolgendem Inhaltsverzeichnis:","og_url":"https:\/\/www.immobilienbusiness.ch\/de\/produkt\/immobilien-business-ausgabe-11-2003\/","og_site_name":"IMMOBILIEN Business","article_publisher":"https:\/\/www.facebook.com\/immobilienbusiness\/","article_modified_time":"2026-02-17T14:58:09+00:00","og_image":[{"width":654,"height":370,"url":"https:\/\/www.immobilienbusiness.ch\/wp-content\/uploads\/2021\/07\/Immobilien_Business_2003_11.png","type":"image\/png"}],"twitter_card":"summary_large_image","schema":{"@context":"https:\/\/schema.org","@graph":[{"@type":"WebPage","@id":"https:\/\/www.immobilienbusiness.ch\/produkt\/immobilien-business-ausgabe-11-2003\/","url":"https:\/\/www.immobilienbusiness.ch\/produkt\/immobilien-business-ausgabe-11-2003\/","name":"Immobilien Business Ausgabe 11\/2003 - IMMOBILIEN Business","isPartOf":{"@id":"https:\/\/www.immobilienbusiness.ch\/#website"},"primaryImageOfPage":{"@id":"https:\/\/www.immobilienbusiness.ch\/produkt\/immobilien-business-ausgabe-11-2003\/#primaryimage"},"image":{"@id":"https:\/\/www.immobilienbusiness.ch\/produkt\/immobilien-business-ausgabe-11-2003\/#primaryimage"},"thumbnailUrl":"https:\/\/www.immobilienbusiness.ch\/wp-content\/uploads\/2021\/07\/Immobilien_Business_2003_11.png","datePublished":"2021-07-15T10:32:14+00:00","dateModified":"2026-02-17T14:58:09+00:00","description":"Erhalte die deutschsprachige Fachzeitschrift \u00abimmobilienbusiness\u00bb in der Immobilien Business Ausgabe 11\/2003 als PDF-Download mit nachfolgendem Inhaltsverzeichnis:","breadcrumb":{"@id":"https:\/\/www.immobilienbusiness.ch\/produkt\/immobilien-business-ausgabe-11-2003\/#breadcrumb"},"inLanguage":"de","potentialAction":[{"@type":"ReadAction","target":["https:\/\/www.immobilienbusiness.ch\/produkt\/immobilien-business-ausgabe-11-2003\/"]}]},{"@type":"ImageObject","inLanguage":"de","@id":"https:\/\/www.immobilienbusiness.ch\/produkt\/immobilien-business-ausgabe-11-2003\/#primaryimage","url":"https:\/\/www.immobilienbusiness.ch\/wp-content\/uploads\/2021\/07\/Immobilien_Business_2003_11.png","contentUrl":"https:\/\/www.immobilienbusiness.ch\/wp-content\/uploads\/2021\/07\/Immobilien_Business_2003_11.png","width":654,"height":370},{"@type":"BreadcrumbList","@id":"https:\/\/www.immobilienbusiness.ch\/produkt\/immobilien-business-ausgabe-11-2003\/#breadcrumb","itemListElement":[{"@type":"ListItem","position":1,"name":"Home","item":"https:\/\/www.immobilienbusiness.ch\/"},{"@type":"ListItem","position":2,"name":"Shop","item":"https:\/\/www.immobilienbusiness.ch\/en\/shop\/"},{"@type":"ListItem","position":3,"name":"Immobilien Business Ausgabe 11\/2003"}]},{"@type":"WebSite","@id":"https:\/\/www.immobilienbusiness.ch\/#website","url":"https:\/\/www.immobilienbusiness.ch\/","name":"IMMOBILIEN Business","description":"Unabh\u00e4ngiges Schweizer Wirtschaftsmagazin mit Fokus auf Immobilien, Architektur- und Bau sowie Investment- und Finanzierung.","publisher":{"@id":"https:\/\/www.immobilienbusiness.ch\/#organization"},"potentialAction":[{"@type":"SearchAction","target":{"@type":"EntryPoint","urlTemplate":"https:\/\/www.immobilienbusiness.ch\/?s={search_term_string}"},"query-input":{"@type":"PropertyValueSpecification","valueRequired":true,"valueName":"search_term_string"}}],"inLanguage":"de"},{"@type":"Organization","@id":"https:\/\/www.immobilienbusiness.ch\/#organization","name":"IMMOBILIEN Business","url":"https:\/\/www.immobilienbusiness.ch\/","logo":{"@type":"ImageObject","inLanguage":"de","@id":"https:\/\/www.immobilienbusiness.ch\/#\/schema\/logo\/image\/","url":"https:\/\/www.immobilienbusiness.ch\/wp-content\/uploads\/2021\/07\/logo_ib.png","contentUrl":"https:\/\/www.immobilienbusiness.ch\/wp-content\/uploads\/2021\/07\/logo_ib.png","width":800,"height":181,"caption":"IMMOBILIEN Business"},"image":{"@id":"https:\/\/www.immobilienbusiness.ch\/#\/schema\/logo\/image\/"},"sameAs":["https:\/\/www.facebook.com\/immobilienbusiness\/"]}]}},"_links":{"self":[{"href":"https:\/\/www.immobilienbusiness.ch\/de\/wp-json\/wp\/v2\/product\/37557","targetHints":{"allow":["GET"]}}],"collection":[{"href":"https:\/\/www.immobilienbusiness.ch\/de\/wp-json\/wp\/v2\/product"}],"about":[{"href":"https:\/\/www.immobilienbusiness.ch\/de\/wp-json\/wp\/v2\/types\/product"}],"wp:featuredmedia":[{"embeddable":true,"href":"https:\/\/www.immobilienbusiness.ch\/de\/wp-json\/wp\/v2\/media\/37587"}],"wp:attachment":[{"href":"https:\/\/www.immobilienbusiness.ch\/de\/wp-json\/wp\/v2\/media?parent=37557"}],"wp:term":[{"taxonomy":"product_brand","embeddable":true,"href":"https:\/\/www.immobilienbusiness.ch\/de\/wp-json\/wp\/v2\/product_brand?post=37557"},{"taxonomy":"product_cat","embeddable":true,"href":"https:\/\/www.immobilienbusiness.ch\/de\/wp-json\/wp\/v2\/product_cat?post=37557"},{"taxonomy":"product_tag","embeddable":true,"href":"https:\/\/www.immobilienbusiness.ch\/de\/wp-json\/wp\/v2\/product_tag?post=37557"}],"curies":[{"name":"wp","href":"https:\/\/api.w.org\/{rel}","templated":true}]}}