{"id":37479,"date":"2021-07-15T12:31:32","date_gmt":"2021-07-15T10:31:32","guid":{"rendered":"https:\/\/www.immobilienbusiness.ch\/?post_type=product&#038;p=37479"},"modified":"2026-02-17T15:58:44","modified_gmt":"2026-02-17T14:58:44","slug":"immobilien-business-ausgabe-12-1-2006","status":"publish","type":"product","link":"https:\/\/www.immobilienbusiness.ch\/de\/produkt\/immobilien-business-ausgabe-12-1-2006\/","title":{"rendered":"Immobilien Business Ausgabe 12-1\/2006"},"content":{"rendered":"<h2>M\u00e4rkte &amp; Player<\/h2>\n<ul>\n<li>Bill Gates lieb\u00e4ugelt mit Four Seasons \u2022 Die teuersten Einkaufsstrassen \u2022 Spotlights <strong>Schweiz<\/strong><\/li>\n<li>Surselva: <strong>Aufbruchstimmung zwischen Films und Sedrun<\/strong><\/li>\n<li>Halter Unternehmungen: <strong>CEO Karl Dudler, der General des Generalunternehmers<\/strong><\/li>\n<li>Historische Villen am Luganersee: <strong>Alter sch\u00fctzt vor Abbruch nicht<\/strong><\/li>\n<li>Immobilienmakler Rudolf Steigrad: <strong>Das DreamTeam von der Goldk\u00fcste<\/strong><\/li>\n<li>Angebotsmieten: <strong>Kein Ende der Preissteigerungen<\/strong><\/li>\n<li>Logistik: <strong>Zur richtigen Zeit am richtigen Ort<\/strong><\/li>\n<li>B\u00fcromarkt: <strong>Service nach Mass &#8211; Business Center in der Schweiz <\/strong><strong>International<\/strong><\/li>\n<li>Wohnungsm\u00e4rkte: <strong>Die \u00dcberhitzung h\u00e4lt sich in Grenzen<\/strong><\/li>\n<\/ul>\n<h2>Investment &amp; Finanzierung<\/h2>\n<ul>\n<li>Transparenz-Index 2006 \u2022 Fonds-Hochzeit \u2022 US-Investments: Heisse Renditen \u2022 Spotlights <strong>Schweiz\/International<\/strong><\/li>\n<li>Fund Management: <strong>Harter Wettbewerb um gute Anlagen<\/strong><\/li>\n<li>Regionenrating: <strong>Z\u00fcrich wieder unter denTopTen<\/strong><\/li>\n<li>Management: <strong>Was gute Leistung kostet<\/strong><\/li>\n<li>Immobilien-Aktienfonds: <strong>Paneurop\u00e4ische Fonds versprechen markantes Wachstum<\/strong><\/li>\n<li>Anlagem\u00e4rkte: <strong>Wenn die Renditen fallen <\/strong><strong>Finanzm\u00e4rkte<\/strong><\/li>\n<li>Immobilien: <strong>Schweiz, Europa, Nordamerika und Asien<\/strong><\/li>\n<\/ul>\n<h2>Projekte &amp; Objekte<\/h2>\n<ul>\n<li>K\u00fchne + Nagel expandiert \u2022 Kilchberg: Luxuswohnungen im L\u00f6wen \u2022 Gut zu wissen <strong>Schweiz<\/strong><\/li>\n<li>Arosa: <strong>Mario Botta bringtTschuggen auf Wellnesskurs<\/strong><\/li>\n<li>Comeback der Hochh\u00e4user: <strong>Helvetischer H\u00f6henrausch<\/strong><\/li>\n<li>H\u00fcrlimann-Areal: <strong>Wohnen zwischen Hopfen und Malz<\/strong><\/li>\n<li>Lagerhaus 62 in Z\u00fcrich: <strong>Vom Lager zum Luxus <\/strong><strong>International<\/strong><\/li>\n<li>Chelsea: <strong>Urbaner H\u00f6henflug in New York<\/strong><\/li>\n<\/ul>\n<h2>Know-how &amp; Service<\/h2>\n<ul>\n<li>Treffpunkt der Immobilienbranche beim SVIT-Forum \u2022 Immo-Messe Schweiz:\u2022 Gut zu wissen <strong>Schweiz\/International<\/strong><\/li>\n<li>Indirekte Immobilienanlagen: <strong>Unter der Lupe<\/strong><\/li>\n<li>Maklerdienste: <strong>Die Vorteile eines Engagements<\/strong><\/li>\n<li>Hausbau: <strong>Unterhalts- und Betriebskosten langfristig optimieren<\/strong><\/li>\n<li>Investmentmanagement: <strong>Wertsch\u00f6pfung oder Absch\u00f6pfung?<\/strong><\/li>\n<li>FM-Fachmesse: <strong>Umfassende, wegweisende Pr\u00e4sentation<\/strong><\/li>\n<li>Consulting: <strong>Die neuen Angebote der Finanzdienstleister<\/strong><\/li>\n<li>Expo Real 2006: <strong>Starke Schweizer Auftritte in M\u00fcnchen<\/strong><\/li>\n<li>Agenda: <strong>Messen,Tagungen, Konferenzen<\/strong><\/li>\n<\/ul>\n<h2>De Luxe<\/h2>\n<ul>\n<li>Supermodel Naomi will verkaufen \u2022 Luxuswohnungen: London im Vormarsch \u00abAuf dem Markt <strong>Schweiz<\/strong><\/li>\n<li>Hotel Krone: <strong>Die Krone des Engadins &#8211; ein Gesamtkunstwerk<\/strong><\/li>\n<li>Blaues Turmhaus in Luzern: <strong>Massgeschneiderter Wohnkomfort <\/strong><strong>International<\/strong><\/li>\n<li>NappaValley: <strong>Ein St\u00fcckToskana in Kalifornien<\/strong><\/li>\n<\/ul>\n<h2>Rubriken<\/h2>\n<ul>\n<li><strong>Editorial:<\/strong> Die Surselva &#8211; Boom mit Schattenseiten<\/li>\n<li><strong>Topadressen im Internet<\/strong><\/li>\n<li><strong>Kolumne<\/strong>: Alfred Meili \u00fcber die Abschaffung des Immobilienrisikos<\/li>\n<li><strong>Wohnpromotionen<\/strong><\/li>\n<li><strong>Au revoir:<\/strong> Medienspiegel und Vorschau<\/li>\n<\/ul>\n","protected":false},"excerpt":{"rendered":"<p>Erhalte die deutschsprachige Fachzeitschrift \u00abimmobilienbusiness\u00bb in der Immobilien Business Ausgabe 12-1\/2006 als PDF-Download mit nachfolgendem Inhaltsverzeichnis:<\/p>\n","protected":false},"featured_media":37533,"template":"","meta":{"_acf_changed":false,"pgc_sgb_lightbox_settings":""},"product_brand":[],"product_cat":[921],"product_tag":[935],"class_list":{"0":"post-37479","1":"product","2":"type-product","3":"status-publish","4":"has-post-thumbnail","6":"product_cat-einzelausgaben","7":"product_tag-935","9":"first","10":"instock","11":"downloadable","12":"virtual","13":"taxable","14":"purchasable","15":"product-type-simple"},"acf":[],"yoast_head":"<!-- This site is optimized with the Yoast SEO plugin v27.4 - https:\/\/yoast.com\/product\/yoast-seo-wordpress\/ -->\n<title>Immobilien Business Ausgabe 12-1\/2006 - IMMOBILIEN Business<\/title>\n<meta name=\"description\" content=\"Erhalte die deutschsprachige Fachzeitschrift \u00abimmobilienbusiness\u00bb in der Immobilien Business Ausgabe 12-1\/2006 als PDF-Download mit nachfolgendem Inhaltsverzeichnis:\" \/>\n<meta name=\"robots\" content=\"index, follow, max-snippet:-1, max-image-preview:large, max-video-preview:-1\" \/>\n<link rel=\"canonical\" href=\"https:\/\/www.immobilienbusiness.ch\/de\/produkt\/immobilien-business-ausgabe-12-1-2006\/\" \/>\n<meta property=\"og:locale\" content=\"de_DE\" \/>\n<meta property=\"og:type\" content=\"article\" \/>\n<meta property=\"og:title\" content=\"Immobilien Business Ausgabe 12-1\/2006 - IMMOBILIEN Business\" \/>\n<meta property=\"og:description\" content=\"Erhalte die deutschsprachige Fachzeitschrift \u00abimmobilienbusiness\u00bb in der Immobilien Business Ausgabe 12-1\/2006 als PDF-Download mit nachfolgendem Inhaltsverzeichnis:\" \/>\n<meta property=\"og:url\" content=\"https:\/\/www.immobilienbusiness.ch\/de\/produkt\/immobilien-business-ausgabe-12-1-2006\/\" \/>\n<meta property=\"og:site_name\" content=\"IMMOBILIEN Business\" \/>\n<meta property=\"article:publisher\" content=\"https:\/\/www.facebook.com\/immobilienbusiness\/\" \/>\n<meta property=\"article:modified_time\" content=\"2026-02-17T14:58:44+00:00\" \/>\n<meta property=\"og:image\" content=\"https:\/\/www.immobilienbusiness.ch\/wp-content\/uploads\/2021\/07\/Immobilien_Business_2006_12-1.png\" \/>\n\t<meta property=\"og:image:width\" content=\"654\" \/>\n\t<meta property=\"og:image:height\" content=\"370\" \/>\n\t<meta property=\"og:image:type\" content=\"image\/png\" \/>\n<meta name=\"twitter:card\" content=\"summary_large_image\" \/>\n<script type=\"application\/ld+json\" class=\"yoast-schema-graph\">{\"@context\":\"https:\\\/\\\/schema.org\",\"@graph\":[{\"@type\":\"WebPage\",\"@id\":\"https:\\\/\\\/www.immobilienbusiness.ch\\\/produkt\\\/immobilien-business-ausgabe-12-1-2006\\\/\",\"url\":\"https:\\\/\\\/www.immobilienbusiness.ch\\\/produkt\\\/immobilien-business-ausgabe-12-1-2006\\\/\",\"name\":\"Immobilien Business Ausgabe 12-1\\\/2006 - IMMOBILIEN Business\",\"isPartOf\":{\"@id\":\"https:\\\/\\\/www.immobilienbusiness.ch\\\/#website\"},\"primaryImageOfPage\":{\"@id\":\"https:\\\/\\\/www.immobilienbusiness.ch\\\/produkt\\\/immobilien-business-ausgabe-12-1-2006\\\/#primaryimage\"},\"image\":{\"@id\":\"https:\\\/\\\/www.immobilienbusiness.ch\\\/produkt\\\/immobilien-business-ausgabe-12-1-2006\\\/#primaryimage\"},\"thumbnailUrl\":\"https:\\\/\\\/www.immobilienbusiness.ch\\\/wp-content\\\/uploads\\\/2021\\\/07\\\/Immobilien_Business_2006_12-1.png\",\"datePublished\":\"2021-07-15T10:31:32+00:00\",\"dateModified\":\"2026-02-17T14:58:44+00:00\",\"description\":\"Erhalte die deutschsprachige Fachzeitschrift \u00abimmobilienbusiness\u00bb in der Immobilien Business Ausgabe 12-1\\\/2006 als PDF-Download mit nachfolgendem Inhaltsverzeichnis:\",\"breadcrumb\":{\"@id\":\"https:\\\/\\\/www.immobilienbusiness.ch\\\/produkt\\\/immobilien-business-ausgabe-12-1-2006\\\/#breadcrumb\"},\"inLanguage\":\"de\",\"potentialAction\":[{\"@type\":\"ReadAction\",\"target\":[\"https:\\\/\\\/www.immobilienbusiness.ch\\\/produkt\\\/immobilien-business-ausgabe-12-1-2006\\\/\"]}]},{\"@type\":\"ImageObject\",\"inLanguage\":\"de\",\"@id\":\"https:\\\/\\\/www.immobilienbusiness.ch\\\/produkt\\\/immobilien-business-ausgabe-12-1-2006\\\/#primaryimage\",\"url\":\"https:\\\/\\\/www.immobilienbusiness.ch\\\/wp-content\\\/uploads\\\/2021\\\/07\\\/Immobilien_Business_2006_12-1.png\",\"contentUrl\":\"https:\\\/\\\/www.immobilienbusiness.ch\\\/wp-content\\\/uploads\\\/2021\\\/07\\\/Immobilien_Business_2006_12-1.png\",\"width\":654,\"height\":370},{\"@type\":\"BreadcrumbList\",\"@id\":\"https:\\\/\\\/www.immobilienbusiness.ch\\\/produkt\\\/immobilien-business-ausgabe-12-1-2006\\\/#breadcrumb\",\"itemListElement\":[{\"@type\":\"ListItem\",\"position\":1,\"name\":\"Home\",\"item\":\"https:\\\/\\\/www.immobilienbusiness.ch\\\/\"},{\"@type\":\"ListItem\",\"position\":2,\"name\":\"Shop\",\"item\":\"https:\\\/\\\/www.immobilienbusiness.ch\\\/en\\\/shop\\\/\"},{\"@type\":\"ListItem\",\"position\":3,\"name\":\"Immobilien Business Ausgabe 12-1\\\/2006\"}]},{\"@type\":\"WebSite\",\"@id\":\"https:\\\/\\\/www.immobilienbusiness.ch\\\/#website\",\"url\":\"https:\\\/\\\/www.immobilienbusiness.ch\\\/\",\"name\":\"IMMOBILIEN Business\",\"description\":\"Unabh\u00e4ngiges Schweizer Wirtschaftsmagazin mit Fokus auf Immobilien, Architektur- und Bau sowie Investment- und Finanzierung.\",\"publisher\":{\"@id\":\"https:\\\/\\\/www.immobilienbusiness.ch\\\/#organization\"},\"potentialAction\":[{\"@type\":\"SearchAction\",\"target\":{\"@type\":\"EntryPoint\",\"urlTemplate\":\"https:\\\/\\\/www.immobilienbusiness.ch\\\/?s={search_term_string}\"},\"query-input\":{\"@type\":\"PropertyValueSpecification\",\"valueRequired\":true,\"valueName\":\"search_term_string\"}}],\"inLanguage\":\"de\"},{\"@type\":\"Organization\",\"@id\":\"https:\\\/\\\/www.immobilienbusiness.ch\\\/#organization\",\"name\":\"IMMOBILIEN Business\",\"url\":\"https:\\\/\\\/www.immobilienbusiness.ch\\\/\",\"logo\":{\"@type\":\"ImageObject\",\"inLanguage\":\"de\",\"@id\":\"https:\\\/\\\/www.immobilienbusiness.ch\\\/#\\\/schema\\\/logo\\\/image\\\/\",\"url\":\"https:\\\/\\\/www.immobilienbusiness.ch\\\/wp-content\\\/uploads\\\/2021\\\/07\\\/logo_ib.png\",\"contentUrl\":\"https:\\\/\\\/www.immobilienbusiness.ch\\\/wp-content\\\/uploads\\\/2021\\\/07\\\/logo_ib.png\",\"width\":800,\"height\":181,\"caption\":\"IMMOBILIEN Business\"},\"image\":{\"@id\":\"https:\\\/\\\/www.immobilienbusiness.ch\\\/#\\\/schema\\\/logo\\\/image\\\/\"},\"sameAs\":[\"https:\\\/\\\/www.facebook.com\\\/immobilienbusiness\\\/\"]}]}<\/script>\n<!-- \/ Yoast SEO plugin. -->","yoast_head_json":{"title":"Immobilien Business Ausgabe 12-1\/2006 - IMMOBILIEN Business","description":"Erhalte die deutschsprachige Fachzeitschrift \u00abimmobilienbusiness\u00bb in der Immobilien Business Ausgabe 12-1\/2006 als PDF-Download mit nachfolgendem Inhaltsverzeichnis:","robots":{"index":"index","follow":"follow","max-snippet":"max-snippet:-1","max-image-preview":"max-image-preview:large","max-video-preview":"max-video-preview:-1"},"canonical":"https:\/\/www.immobilienbusiness.ch\/de\/produkt\/immobilien-business-ausgabe-12-1-2006\/","og_locale":"de_DE","og_type":"article","og_title":"Immobilien Business Ausgabe 12-1\/2006 - IMMOBILIEN Business","og_description":"Erhalte die deutschsprachige Fachzeitschrift \u00abimmobilienbusiness\u00bb in der Immobilien Business Ausgabe 12-1\/2006 als PDF-Download mit nachfolgendem Inhaltsverzeichnis:","og_url":"https:\/\/www.immobilienbusiness.ch\/de\/produkt\/immobilien-business-ausgabe-12-1-2006\/","og_site_name":"IMMOBILIEN Business","article_publisher":"https:\/\/www.facebook.com\/immobilienbusiness\/","article_modified_time":"2026-02-17T14:58:44+00:00","og_image":[{"width":654,"height":370,"url":"https:\/\/www.immobilienbusiness.ch\/wp-content\/uploads\/2021\/07\/Immobilien_Business_2006_12-1.png","type":"image\/png"}],"twitter_card":"summary_large_image","schema":{"@context":"https:\/\/schema.org","@graph":[{"@type":"WebPage","@id":"https:\/\/www.immobilienbusiness.ch\/produkt\/immobilien-business-ausgabe-12-1-2006\/","url":"https:\/\/www.immobilienbusiness.ch\/produkt\/immobilien-business-ausgabe-12-1-2006\/","name":"Immobilien Business Ausgabe 12-1\/2006 - IMMOBILIEN Business","isPartOf":{"@id":"https:\/\/www.immobilienbusiness.ch\/#website"},"primaryImageOfPage":{"@id":"https:\/\/www.immobilienbusiness.ch\/produkt\/immobilien-business-ausgabe-12-1-2006\/#primaryimage"},"image":{"@id":"https:\/\/www.immobilienbusiness.ch\/produkt\/immobilien-business-ausgabe-12-1-2006\/#primaryimage"},"thumbnailUrl":"https:\/\/www.immobilienbusiness.ch\/wp-content\/uploads\/2021\/07\/Immobilien_Business_2006_12-1.png","datePublished":"2021-07-15T10:31:32+00:00","dateModified":"2026-02-17T14:58:44+00:00","description":"Erhalte die deutschsprachige Fachzeitschrift \u00abimmobilienbusiness\u00bb in der Immobilien Business Ausgabe 12-1\/2006 als PDF-Download mit nachfolgendem Inhaltsverzeichnis:","breadcrumb":{"@id":"https:\/\/www.immobilienbusiness.ch\/produkt\/immobilien-business-ausgabe-12-1-2006\/#breadcrumb"},"inLanguage":"de","potentialAction":[{"@type":"ReadAction","target":["https:\/\/www.immobilienbusiness.ch\/produkt\/immobilien-business-ausgabe-12-1-2006\/"]}]},{"@type":"ImageObject","inLanguage":"de","@id":"https:\/\/www.immobilienbusiness.ch\/produkt\/immobilien-business-ausgabe-12-1-2006\/#primaryimage","url":"https:\/\/www.immobilienbusiness.ch\/wp-content\/uploads\/2021\/07\/Immobilien_Business_2006_12-1.png","contentUrl":"https:\/\/www.immobilienbusiness.ch\/wp-content\/uploads\/2021\/07\/Immobilien_Business_2006_12-1.png","width":654,"height":370},{"@type":"BreadcrumbList","@id":"https:\/\/www.immobilienbusiness.ch\/produkt\/immobilien-business-ausgabe-12-1-2006\/#breadcrumb","itemListElement":[{"@type":"ListItem","position":1,"name":"Home","item":"https:\/\/www.immobilienbusiness.ch\/"},{"@type":"ListItem","position":2,"name":"Shop","item":"https:\/\/www.immobilienbusiness.ch\/en\/shop\/"},{"@type":"ListItem","position":3,"name":"Immobilien Business Ausgabe 12-1\/2006"}]},{"@type":"WebSite","@id":"https:\/\/www.immobilienbusiness.ch\/#website","url":"https:\/\/www.immobilienbusiness.ch\/","name":"IMMOBILIEN Business","description":"Unabh\u00e4ngiges Schweizer Wirtschaftsmagazin mit Fokus auf Immobilien, Architektur- und Bau sowie Investment- und Finanzierung.","publisher":{"@id":"https:\/\/www.immobilienbusiness.ch\/#organization"},"potentialAction":[{"@type":"SearchAction","target":{"@type":"EntryPoint","urlTemplate":"https:\/\/www.immobilienbusiness.ch\/?s={search_term_string}"},"query-input":{"@type":"PropertyValueSpecification","valueRequired":true,"valueName":"search_term_string"}}],"inLanguage":"de"},{"@type":"Organization","@id":"https:\/\/www.immobilienbusiness.ch\/#organization","name":"IMMOBILIEN Business","url":"https:\/\/www.immobilienbusiness.ch\/","logo":{"@type":"ImageObject","inLanguage":"de","@id":"https:\/\/www.immobilienbusiness.ch\/#\/schema\/logo\/image\/","url":"https:\/\/www.immobilienbusiness.ch\/wp-content\/uploads\/2021\/07\/logo_ib.png","contentUrl":"https:\/\/www.immobilienbusiness.ch\/wp-content\/uploads\/2021\/07\/logo_ib.png","width":800,"height":181,"caption":"IMMOBILIEN Business"},"image":{"@id":"https:\/\/www.immobilienbusiness.ch\/#\/schema\/logo\/image\/"},"sameAs":["https:\/\/www.facebook.com\/immobilienbusiness\/"]}]}},"_links":{"self":[{"href":"https:\/\/www.immobilienbusiness.ch\/de\/wp-json\/wp\/v2\/product\/37479","targetHints":{"allow":["GET"]}}],"collection":[{"href":"https:\/\/www.immobilienbusiness.ch\/de\/wp-json\/wp\/v2\/product"}],"about":[{"href":"https:\/\/www.immobilienbusiness.ch\/de\/wp-json\/wp\/v2\/types\/product"}],"wp:featuredmedia":[{"embeddable":true,"href":"https:\/\/www.immobilienbusiness.ch\/de\/wp-json\/wp\/v2\/media\/37533"}],"wp:attachment":[{"href":"https:\/\/www.immobilienbusiness.ch\/de\/wp-json\/wp\/v2\/media?parent=37479"}],"wp:term":[{"taxonomy":"product_brand","embeddable":true,"href":"https:\/\/www.immobilienbusiness.ch\/de\/wp-json\/wp\/v2\/product_brand?post=37479"},{"taxonomy":"product_cat","embeddable":true,"href":"https:\/\/www.immobilienbusiness.ch\/de\/wp-json\/wp\/v2\/product_cat?post=37479"},{"taxonomy":"product_tag","embeddable":true,"href":"https:\/\/www.immobilienbusiness.ch\/de\/wp-json\/wp\/v2\/product_tag?post=37479"}],"curies":[{"name":"wp","href":"https:\/\/api.w.org\/{rel}","templated":true}]}}