{"id":37372,"date":"2021-07-15T12:30:48","date_gmt":"2021-07-15T10:30:48","guid":{"rendered":"https:\/\/www.immobilienbusiness.ch\/?post_type=product&#038;p=37372"},"modified":"2026-02-17T15:59:17","modified_gmt":"2026-02-17T14:59:17","slug":"immobilien-business-ausgabe-11-2014","status":"publish","type":"product","link":"https:\/\/www.immobilienbusiness.ch\/de\/produkt\/immobilien-business-ausgabe-11-2014\/","title":{"rendered":"Immobilien Business Ausgabe 11\/2014"},"content":{"rendered":"<h2>Nachrichten<\/h2>\n<ul>\n<li>Z\u00fcrich: SkyKey eingeweiht<\/li>\n<li>Horgen\/Z\u00fcrichsee: Neuer Standort f\u00fcr TE Connectivity<\/li>\n<li>Personalia: AXA RE\/Livit\/Warteck Invest<\/li>\n<li>Basel: Roche baut weiter<\/li>\n<li>Z\u00fcrich: Grossvermietung im Vertex<\/li>\n<li>Engelberg: Neue Pl\u00e4ne f\u00fcr Hotel Europe<\/li>\n<li>Andermatt Swiss Alps: Neues Apartmenthaus<\/li>\n<li>Reinach: Steiner baut neues Wohnquartier<\/li>\n<li>Bern: Neuer Investor f\u00fcr K\u00e4stli-Areal<\/li>\n<li>Z\u00fcrich: Grossvermietung im Allianz-Geb\u00e4ude<\/li>\n<li>Wien: BahnhofCity Hauptbahnhof am Start<\/li>\n<li>London: Gefragter Markt<\/li>\n<li>Frankfurt: Messeturm verkauft<\/li>\n<li>Stuttgart: Shoppingcenter Milaneo am Start<\/li>\n<li>Berlin: Alea er\u00f6ffnet am Alexanderplatz<\/li>\n<\/ul>\n<h2>Trends<\/h2>\n<ul>\n<li>Wertsch\u00f6pfungsfaktor Immobilie Eine neue Studie von HEV\/pom+ zeigt: Die Bedeutung der<\/li>\n<li>Immobilienwirtschaft f\u00fcr die Schweizer Volkswirtschaft wird untersch\u00e4tzt.<\/li>\n<\/ul>\n<h2>M\u00e4rkte und Investment<\/h2>\n<ul>\n<li>Warnung aus Amerika Pensionskassen \u00fcberdenken ihre Immobilienstrategien.<\/li>\n<li>Kolumne: Vom Wert und vom Preis<\/li>\n<\/ul>\n<h2>Titelthema<\/h2>\n<ul>\n<li>Konkurrenz aus dem Netz<\/li>\n<li>E-Commerce ver\u00e4ndert die Anforderungen an Verkaufsimmobilien, macht sie aber nicht obsolet.<\/li>\n<li>Und ewig gr\u00fcsst die Shoppingmall Die Schw\u00e4chen Schweizer Einkaufszentren<\/li>\n<li>Bad M\u00fcnstereifel \u2013 ein FOC besonderer Art<\/li>\n<li>CBRE \u00fcbernimmt PSM Center Management AG<\/li>\n<li>Interview mit Florian Kuprecht, CBRE, und Philipp Strebel, PSM Center Management<\/li>\n<li>Auf die Bed\u00fcrfnisse der Mieter geschaut CSL Immobilien und FPRE identifizieren Nachfragersegmente im<\/li>\n<li>Verkaufsfl\u00e4chenmarkt.<\/li>\n<\/ul>\n<h2>Asset- und Portfoliomanagement<\/h2>\n<ul>\n<li>Herausforderung B\u00fcrofl\u00e4chenmarkt Ein Gespr\u00e4ch mit Alexander Gebauer, Allianz Real Estate AG, und Robert Hauri, SPG Intercity Zurich AG<\/li>\n<\/ul>\n<h2>Projekte und Objekte<\/h2>\n<ul>\n<li>Grosser Bahnhof f\u00fcr Schaffhausens neues Quartier \u00abUrbahn\u00bb ist bezugsfertig.<\/li>\n<li>Kolumne: Heimatliebe<\/li>\n<\/ul>\n<h2>Architektur und Standortentwicklung<\/h2>\n<ul>\n<li>Kunstfreilager gewinnt Kontur<\/li>\n<li>Das Dreispitz-Areal in Basel entwickelt sich zum Stadtquartier<\/li>\n<li>mmobilien Basel-Stadt macht mobil<\/li>\n<\/ul>\n<h2>Residential<\/h2>\n<ul>\n<li>Die neue Stadtflucht<\/li>\n<li>Der Blase geht die Luft aus<\/li>\n<li>Die Regulatorien zeigen Wirkung.<\/li>\n<\/ul>\n<h2>Service<\/h2>\n<ul>\n<li>Expo Real 2014, ein Nachbericht<\/li>\n<li>Angebotsmieten<\/li>\n<li>Kolumne Breiners Blick<\/li>\n<\/ul>\n<h2>Auslandsm\u00e4rkte<\/h2>\n<ul>\n<li>\u00abNeuer normaler Wirtschaftszustand\u00bb Chinas Immobilienboom flaut ab.<\/li>\n<\/ul>\n<h2>Immobilien-Finanzm\u00e4rkte<\/h2>\n<ul>\n<li>Interview des Monats Hans Rudolf Hauri, RUAG Real Estate AG<\/li>\n<li>Swisscanto: ZKB pr\u00fcft \u00dcbernahme<\/li>\n<li>CS REF LogisticsPlus: Erfolgreicher Fonds<\/li>\n<li>ECE: Shopping Centre Fund II<\/li>\n<li>Timbercreek: Grund zum Feiern<\/li>\n<li>JLL Immobilien-Uhr 3. Quartal 2014<\/li>\n<li>Deutsche AWM: Investment in Polen<\/li>\n<li>LaSalle\/Quantum Global RE: Einkauf in Paris<\/li>\n<li>Invesco RE: Engagement in Prag<\/li>\n<li>HIAG: Perspektiven f\u00fcr Dornach<\/li>\n<li>DUAL RE: Gut behauptet<\/li>\n<li>Allianz Suisse Immobilien: Neuer CEO<\/li>\n<li>Kolumne: Investments in \u00abd\u00fcnner Luft\u00bb<\/li>\n<li>Alstria Office REIT: Verkauf in Hamburg<\/li>\n<li>Schroders: Bullish f\u00fcr Immobilien-AGs<\/li>\n<li>TLG Immobilien: B\u00f6rsendeb\u00fct<\/li>\n<li>Final Performer: Savills plc.<\/li>\n<\/ul>\n","protected":false},"excerpt":{"rendered":"<p>Erhalte die deutschsprachige Fachzeitschrift \u00abimmobilienbusiness\u00bb in der Immobilien Business Ausgabe 11\/2014 als PDF-Download mit nachfolgendem Inhaltsverzeichnis:<\/p>\n","protected":false},"featured_media":37432,"template":"","meta":{"_acf_changed":false,"pgc_sgb_lightbox_settings":""},"product_brand":[],"product_cat":[921],"product_tag":[930],"class_list":{"0":"post-37372","1":"product","2":"type-product","3":"status-publish","4":"has-post-thumbnail","6":"product_cat-einzelausgaben","7":"product_tag-930","9":"first","10":"instock","11":"downloadable","12":"virtual","13":"taxable","14":"purchasable","15":"product-type-simple"},"acf":[],"yoast_head":"<!-- This site is optimized with the Yoast SEO plugin v27.4 - https:\/\/yoast.com\/product\/yoast-seo-wordpress\/ -->\n<title>Immobilien Business Ausgabe 11\/2014 - IMMOBILIEN Business<\/title>\n<meta name=\"description\" content=\"Erhalte die deutschsprachige Fachzeitschrift \u00abimmobilienbusiness\u00bb in der Immobilien Business Ausgabe 11\/2014 als PDF-Download mit nachfolgendem Inhaltsverzeichnis:\" \/>\n<meta name=\"robots\" content=\"index, follow, max-snippet:-1, max-image-preview:large, max-video-preview:-1\" \/>\n<link rel=\"canonical\" href=\"https:\/\/www.immobilienbusiness.ch\/de\/produkt\/immobilien-business-ausgabe-11-2014\/\" \/>\n<meta property=\"og:locale\" content=\"de_DE\" \/>\n<meta property=\"og:type\" content=\"article\" \/>\n<meta property=\"og:title\" content=\"Immobilien Business Ausgabe 11\/2014 - IMMOBILIEN Business\" \/>\n<meta property=\"og:description\" content=\"Erhalte die deutschsprachige Fachzeitschrift \u00abimmobilienbusiness\u00bb in der Immobilien Business Ausgabe 11\/2014 als PDF-Download mit nachfolgendem Inhaltsverzeichnis:\" \/>\n<meta property=\"og:url\" content=\"https:\/\/www.immobilienbusiness.ch\/de\/produkt\/immobilien-business-ausgabe-11-2014\/\" \/>\n<meta property=\"og:site_name\" content=\"IMMOBILIEN Business\" \/>\n<meta property=\"article:publisher\" content=\"https:\/\/www.facebook.com\/immobilienbusiness\/\" \/>\n<meta property=\"article:modified_time\" content=\"2026-02-17T14:59:17+00:00\" \/>\n<meta property=\"og:image\" content=\"https:\/\/www.immobilienbusiness.ch\/wp-content\/uploads\/2021\/07\/Immobilien-Business-Ausgabe-11-2014.png\" \/>\n\t<meta property=\"og:image:width\" content=\"654\" \/>\n\t<meta property=\"og:image:height\" content=\"370\" \/>\n\t<meta property=\"og:image:type\" content=\"image\/png\" \/>\n<meta name=\"twitter:card\" content=\"summary_large_image\" \/>\n<script type=\"application\/ld+json\" class=\"yoast-schema-graph\">{\"@context\":\"https:\\\/\\\/schema.org\",\"@graph\":[{\"@type\":\"WebPage\",\"@id\":\"https:\\\/\\\/www.immobilienbusiness.ch\\\/produkt\\\/immobilien-business-ausgabe-11-2014\\\/\",\"url\":\"https:\\\/\\\/www.immobilienbusiness.ch\\\/produkt\\\/immobilien-business-ausgabe-11-2014\\\/\",\"name\":\"Immobilien Business Ausgabe 11\\\/2014 - IMMOBILIEN Business\",\"isPartOf\":{\"@id\":\"https:\\\/\\\/www.immobilienbusiness.ch\\\/#website\"},\"primaryImageOfPage\":{\"@id\":\"https:\\\/\\\/www.immobilienbusiness.ch\\\/produkt\\\/immobilien-business-ausgabe-11-2014\\\/#primaryimage\"},\"image\":{\"@id\":\"https:\\\/\\\/www.immobilienbusiness.ch\\\/produkt\\\/immobilien-business-ausgabe-11-2014\\\/#primaryimage\"},\"thumbnailUrl\":\"https:\\\/\\\/www.immobilienbusiness.ch\\\/wp-content\\\/uploads\\\/2021\\\/07\\\/Immobilien-Business-Ausgabe-11-2014.png\",\"datePublished\":\"2021-07-15T10:30:48+00:00\",\"dateModified\":\"2026-02-17T14:59:17+00:00\",\"description\":\"Erhalte die deutschsprachige Fachzeitschrift \u00abimmobilienbusiness\u00bb in der Immobilien Business Ausgabe 11\\\/2014 als PDF-Download mit nachfolgendem Inhaltsverzeichnis:\",\"breadcrumb\":{\"@id\":\"https:\\\/\\\/www.immobilienbusiness.ch\\\/produkt\\\/immobilien-business-ausgabe-11-2014\\\/#breadcrumb\"},\"inLanguage\":\"de\",\"potentialAction\":[{\"@type\":\"ReadAction\",\"target\":[\"https:\\\/\\\/www.immobilienbusiness.ch\\\/produkt\\\/immobilien-business-ausgabe-11-2014\\\/\"]}]},{\"@type\":\"ImageObject\",\"inLanguage\":\"de\",\"@id\":\"https:\\\/\\\/www.immobilienbusiness.ch\\\/produkt\\\/immobilien-business-ausgabe-11-2014\\\/#primaryimage\",\"url\":\"https:\\\/\\\/www.immobilienbusiness.ch\\\/wp-content\\\/uploads\\\/2021\\\/07\\\/Immobilien-Business-Ausgabe-11-2014.png\",\"contentUrl\":\"https:\\\/\\\/www.immobilienbusiness.ch\\\/wp-content\\\/uploads\\\/2021\\\/07\\\/Immobilien-Business-Ausgabe-11-2014.png\",\"width\":654,\"height\":370},{\"@type\":\"BreadcrumbList\",\"@id\":\"https:\\\/\\\/www.immobilienbusiness.ch\\\/produkt\\\/immobilien-business-ausgabe-11-2014\\\/#breadcrumb\",\"itemListElement\":[{\"@type\":\"ListItem\",\"position\":1,\"name\":\"Home\",\"item\":\"https:\\\/\\\/www.immobilienbusiness.ch\\\/\"},{\"@type\":\"ListItem\",\"position\":2,\"name\":\"Shop\",\"item\":\"https:\\\/\\\/www.immobilienbusiness.ch\\\/en\\\/shop\\\/\"},{\"@type\":\"ListItem\",\"position\":3,\"name\":\"Immobilien Business Ausgabe 11\\\/2014\"}]},{\"@type\":\"WebSite\",\"@id\":\"https:\\\/\\\/www.immobilienbusiness.ch\\\/#website\",\"url\":\"https:\\\/\\\/www.immobilienbusiness.ch\\\/\",\"name\":\"IMMOBILIEN Business\",\"description\":\"Unabh\u00e4ngiges Schweizer Wirtschaftsmagazin mit Fokus auf Immobilien, Architektur- und Bau sowie Investment- und Finanzierung.\",\"publisher\":{\"@id\":\"https:\\\/\\\/www.immobilienbusiness.ch\\\/#organization\"},\"potentialAction\":[{\"@type\":\"SearchAction\",\"target\":{\"@type\":\"EntryPoint\",\"urlTemplate\":\"https:\\\/\\\/www.immobilienbusiness.ch\\\/?s={search_term_string}\"},\"query-input\":{\"@type\":\"PropertyValueSpecification\",\"valueRequired\":true,\"valueName\":\"search_term_string\"}}],\"inLanguage\":\"de\"},{\"@type\":\"Organization\",\"@id\":\"https:\\\/\\\/www.immobilienbusiness.ch\\\/#organization\",\"name\":\"IMMOBILIEN Business\",\"url\":\"https:\\\/\\\/www.immobilienbusiness.ch\\\/\",\"logo\":{\"@type\":\"ImageObject\",\"inLanguage\":\"de\",\"@id\":\"https:\\\/\\\/www.immobilienbusiness.ch\\\/#\\\/schema\\\/logo\\\/image\\\/\",\"url\":\"https:\\\/\\\/www.immobilienbusiness.ch\\\/wp-content\\\/uploads\\\/2021\\\/07\\\/logo_ib.png\",\"contentUrl\":\"https:\\\/\\\/www.immobilienbusiness.ch\\\/wp-content\\\/uploads\\\/2021\\\/07\\\/logo_ib.png\",\"width\":800,\"height\":181,\"caption\":\"IMMOBILIEN Business\"},\"image\":{\"@id\":\"https:\\\/\\\/www.immobilienbusiness.ch\\\/#\\\/schema\\\/logo\\\/image\\\/\"},\"sameAs\":[\"https:\\\/\\\/www.facebook.com\\\/immobilienbusiness\\\/\"]}]}<\/script>\n<!-- \/ Yoast SEO plugin. -->","yoast_head_json":{"title":"Immobilien Business Ausgabe 11\/2014 - IMMOBILIEN Business","description":"Erhalte die deutschsprachige Fachzeitschrift \u00abimmobilienbusiness\u00bb in der Immobilien Business Ausgabe 11\/2014 als PDF-Download mit nachfolgendem Inhaltsverzeichnis:","robots":{"index":"index","follow":"follow","max-snippet":"max-snippet:-1","max-image-preview":"max-image-preview:large","max-video-preview":"max-video-preview:-1"},"canonical":"https:\/\/www.immobilienbusiness.ch\/de\/produkt\/immobilien-business-ausgabe-11-2014\/","og_locale":"de_DE","og_type":"article","og_title":"Immobilien Business Ausgabe 11\/2014 - IMMOBILIEN Business","og_description":"Erhalte die deutschsprachige Fachzeitschrift \u00abimmobilienbusiness\u00bb in der Immobilien Business Ausgabe 11\/2014 als PDF-Download mit nachfolgendem Inhaltsverzeichnis:","og_url":"https:\/\/www.immobilienbusiness.ch\/de\/produkt\/immobilien-business-ausgabe-11-2014\/","og_site_name":"IMMOBILIEN Business","article_publisher":"https:\/\/www.facebook.com\/immobilienbusiness\/","article_modified_time":"2026-02-17T14:59:17+00:00","og_image":[{"width":654,"height":370,"url":"https:\/\/www.immobilienbusiness.ch\/wp-content\/uploads\/2021\/07\/Immobilien-Business-Ausgabe-11-2014.png","type":"image\/png"}],"twitter_card":"summary_large_image","schema":{"@context":"https:\/\/schema.org","@graph":[{"@type":"WebPage","@id":"https:\/\/www.immobilienbusiness.ch\/produkt\/immobilien-business-ausgabe-11-2014\/","url":"https:\/\/www.immobilienbusiness.ch\/produkt\/immobilien-business-ausgabe-11-2014\/","name":"Immobilien Business Ausgabe 11\/2014 - IMMOBILIEN Business","isPartOf":{"@id":"https:\/\/www.immobilienbusiness.ch\/#website"},"primaryImageOfPage":{"@id":"https:\/\/www.immobilienbusiness.ch\/produkt\/immobilien-business-ausgabe-11-2014\/#primaryimage"},"image":{"@id":"https:\/\/www.immobilienbusiness.ch\/produkt\/immobilien-business-ausgabe-11-2014\/#primaryimage"},"thumbnailUrl":"https:\/\/www.immobilienbusiness.ch\/wp-content\/uploads\/2021\/07\/Immobilien-Business-Ausgabe-11-2014.png","datePublished":"2021-07-15T10:30:48+00:00","dateModified":"2026-02-17T14:59:17+00:00","description":"Erhalte die deutschsprachige Fachzeitschrift \u00abimmobilienbusiness\u00bb in der Immobilien Business Ausgabe 11\/2014 als PDF-Download mit nachfolgendem Inhaltsverzeichnis:","breadcrumb":{"@id":"https:\/\/www.immobilienbusiness.ch\/produkt\/immobilien-business-ausgabe-11-2014\/#breadcrumb"},"inLanguage":"de","potentialAction":[{"@type":"ReadAction","target":["https:\/\/www.immobilienbusiness.ch\/produkt\/immobilien-business-ausgabe-11-2014\/"]}]},{"@type":"ImageObject","inLanguage":"de","@id":"https:\/\/www.immobilienbusiness.ch\/produkt\/immobilien-business-ausgabe-11-2014\/#primaryimage","url":"https:\/\/www.immobilienbusiness.ch\/wp-content\/uploads\/2021\/07\/Immobilien-Business-Ausgabe-11-2014.png","contentUrl":"https:\/\/www.immobilienbusiness.ch\/wp-content\/uploads\/2021\/07\/Immobilien-Business-Ausgabe-11-2014.png","width":654,"height":370},{"@type":"BreadcrumbList","@id":"https:\/\/www.immobilienbusiness.ch\/produkt\/immobilien-business-ausgabe-11-2014\/#breadcrumb","itemListElement":[{"@type":"ListItem","position":1,"name":"Home","item":"https:\/\/www.immobilienbusiness.ch\/"},{"@type":"ListItem","position":2,"name":"Shop","item":"https:\/\/www.immobilienbusiness.ch\/en\/shop\/"},{"@type":"ListItem","position":3,"name":"Immobilien Business Ausgabe 11\/2014"}]},{"@type":"WebSite","@id":"https:\/\/www.immobilienbusiness.ch\/#website","url":"https:\/\/www.immobilienbusiness.ch\/","name":"IMMOBILIEN Business","description":"Unabh\u00e4ngiges Schweizer Wirtschaftsmagazin mit Fokus auf Immobilien, Architektur- und Bau sowie Investment- und Finanzierung.","publisher":{"@id":"https:\/\/www.immobilienbusiness.ch\/#organization"},"potentialAction":[{"@type":"SearchAction","target":{"@type":"EntryPoint","urlTemplate":"https:\/\/www.immobilienbusiness.ch\/?s={search_term_string}"},"query-input":{"@type":"PropertyValueSpecification","valueRequired":true,"valueName":"search_term_string"}}],"inLanguage":"de"},{"@type":"Organization","@id":"https:\/\/www.immobilienbusiness.ch\/#organization","name":"IMMOBILIEN Business","url":"https:\/\/www.immobilienbusiness.ch\/","logo":{"@type":"ImageObject","inLanguage":"de","@id":"https:\/\/www.immobilienbusiness.ch\/#\/schema\/logo\/image\/","url":"https:\/\/www.immobilienbusiness.ch\/wp-content\/uploads\/2021\/07\/logo_ib.png","contentUrl":"https:\/\/www.immobilienbusiness.ch\/wp-content\/uploads\/2021\/07\/logo_ib.png","width":800,"height":181,"caption":"IMMOBILIEN Business"},"image":{"@id":"https:\/\/www.immobilienbusiness.ch\/#\/schema\/logo\/image\/"},"sameAs":["https:\/\/www.facebook.com\/immobilienbusiness\/"]}]}},"_links":{"self":[{"href":"https:\/\/www.immobilienbusiness.ch\/de\/wp-json\/wp\/v2\/product\/37372","targetHints":{"allow":["GET"]}}],"collection":[{"href":"https:\/\/www.immobilienbusiness.ch\/de\/wp-json\/wp\/v2\/product"}],"about":[{"href":"https:\/\/www.immobilienbusiness.ch\/de\/wp-json\/wp\/v2\/types\/product"}],"wp:featuredmedia":[{"embeddable":true,"href":"https:\/\/www.immobilienbusiness.ch\/de\/wp-json\/wp\/v2\/media\/37432"}],"wp:attachment":[{"href":"https:\/\/www.immobilienbusiness.ch\/de\/wp-json\/wp\/v2\/media?parent=37372"}],"wp:term":[{"taxonomy":"product_brand","embeddable":true,"href":"https:\/\/www.immobilienbusiness.ch\/de\/wp-json\/wp\/v2\/product_brand?post=37372"},{"taxonomy":"product_cat","embeddable":true,"href":"https:\/\/www.immobilienbusiness.ch\/de\/wp-json\/wp\/v2\/product_cat?post=37372"},{"taxonomy":"product_tag","embeddable":true,"href":"https:\/\/www.immobilienbusiness.ch\/de\/wp-json\/wp\/v2\/product_tag?post=37372"}],"curies":[{"name":"wp","href":"https:\/\/api.w.org\/{rel}","templated":true}]}}