{"id":37301,"date":"2021-07-15T12:30:25","date_gmt":"2021-07-15T10:30:25","guid":{"rendered":"https:\/\/www.immobilienbusiness.ch\/?post_type=product&#038;p=37301"},"modified":"2026-02-17T15:59:21","modified_gmt":"2026-02-17T14:59:21","slug":"immobilien-business-ausgabe-10-2018","status":"publish","type":"product","link":"https:\/\/www.immobilienbusiness.ch\/de\/produkt\/immobilien-business-ausgabe-10-2018\/","title":{"rendered":"Immobilien Business Ausgabe 10\/2018"},"content":{"rendered":"<h2>Nachrichten<\/h2>\n<ul>\n<li>Z\u00fcrich: Swiss Life erwirbt Hotel Widder<\/li>\n<li>Z\u00fcrich: Allreal-Projekt vollvermietet<\/li>\n<li>Personalia: ISS<\/li>\n<li>St.Gallen: Ein zweiter Campus f\u00fcr die HSG<\/li>\n<li>Stein: Baubeginn f\u00fcr \u00abNeumatt-Stein.ch\u00bb<\/li>\n<li>Personalia: Homegate.ch; MoneyPark<\/li>\n<li>Z\u00fcrich: Gr\u00fcnes Licht f\u00fcr Manegg Mitte<\/li>\n<li>Rapperswil-Jona: Neues Moxy-Hotel im Raum Z\u00fcrich<\/li>\n<li>Personalia: Hiag Immobilien Holding; SFPI<\/li>\n<li>Ostermundigen: Baustart f\u00fcr den B\u00e4reTower<\/li>\n<li>Uznach: Fortimo baut auf dem Schubiger-Areal<\/li>\n<li>Personalia: JLL<\/li>\n<li>Basel: Westfeld-Projekt auf gutem Weg<\/li>\n<li>Basel: CSA-Projekt in der Aeschenvorstadt<\/li>\n<li>Lausanne: Ein Gewerbepark f\u00fcr Bussigny<\/li>\n<li>Migros Bank AG: Einstieg bei CSL Immobilien<\/li>\n<li>Personalia: PwC<\/li>\n<\/ul>\n<h2>Trends<\/h2>\n<ul>\n<li>Holzbau en vogue Comeback der Holzbauweise in den St\u00e4dten<\/li>\n<li>Gemeinsame Zukunft gebaut Nachhaltige Neubauten in Oberwinterthur<\/li>\n<\/ul>\n<h2>M\u00e4rkte und Investment<\/h2>\n<ul>\n<li>\u00abDie Spitze des Eisbergs\u00bb Risiken bei Immobilieninvestments steigen<\/li>\n<li>Viel Rauch \u2013 und nichts Gewerbeimmobilien-Titel gefragt<\/li>\n<\/ul>\n<h2>Titel-Thema<\/h2>\n<ul>\n<li>Diversifikation \u2013 um welchen Preis? Pensionskassen vor der Qual der Wahl<\/li>\n<li>Der Lockruf fremder M\u00e4rkte Auf der Suche nach h\u00f6herer Rendite<\/li>\n<\/ul>\n<h2>Asset- und Portfolio-Management<\/h2>\n<ul>\n<li>Kleine Unternehmen \u2013 grosse Fl\u00e4chennachfrage Untersch\u00e4tzte Nachfrage-Gruppe<\/li>\n<li>\u00abRisiken wirkungsvoll delegieren\u00bb Interview Peter Gallmann, Immexpert GmbH<\/li>\n<\/ul>\n<h2>Facility-Management<\/h2>\n<ul>\n<li>\u00abAufbauarbeit hat sich gelohnt\u00bb SVIT-FM-Kammer mit neuem Pr\u00e4sidenten<\/li>\n<\/ul>\n<h2>Aus den Regionen<\/h2>\n<ul>\n<li>Anspruchsvolles Turnaround-Projekt Baubeginn f\u00fcr den St\u00fccki-Park in Basel<\/li>\n<\/ul>\n<h2>Residential<\/h2>\n<ul>\n<li>Micro-Living vor der Reifepr\u00fcfung Neue Studie zu tempor\u00e4ren Wohnformen<\/li>\n<li>Systemwechsel in Sicht? Eigenmietwert auf der Kippe<\/li>\n<\/ul>\n<h2>Innovationen<\/h2>\n<ul>\n<li>Handlungswillen gefragt Neue Entwicklungen im Digital Real Estate<\/li>\n<li>BIM \u2013 Digitales Bauen setzt sich durch<\/li>\n<\/ul>\n<h2>Service<\/h2>\n<ul>\n<li>Agenda<\/li>\n<li>Angebotsmieten<\/li>\n<\/ul>\n<h2>Auslandsm\u00e4rkte<\/h2>\n<ul>\n<li>\u00abDummheiten des vergangenen Jahrhunderts\u00bb Handelskrieg belastet Immobilienm\u00e4rkte<\/li>\n<\/ul>\n<h2>Immobilien-Finanzm\u00e4rkte<\/h2>\n<ul>\n<li>Im Gespr\u00e4ch: Christoph Schumacher, Asset Management CS Global Real Estate<\/li>\n<li>Catella-Studie: Ende des Preisauftriebs in Sicht<\/li>\n<li>Raiffeisen Futura Immo Fonds: Frisches Geld<\/li>\n<li>SF Sustainable Property Fund: Wachstumskurs<\/li>\n<li>UBS Direct Residential: Kapitalerh\u00f6hung<\/li>\n<li>CS REF LogisticsPlus: 127 Mio. Neugeld<\/li>\n<li>Valres Suisse Romande: Erweiterter Anlagefokus<\/li>\n<li>Swisscanto Anlagestiftung: Portfolio verkauft<\/li>\n<li>AFIAA Global: Kapital gefragt<\/li>\n<li>Zug Estates: Liegenschaftenertrag gesteigert<\/li>\n<li>Allreal Holding AG: Positiver Ausblick<\/li>\n<li>Aevis Victoria: IPO f\u00fcr Spitalimmobilien geplant<\/li>\n<li>Plazza AG: Erfolgreiches erstes Halbjahr<\/li>\n<li>Warteck Invest AG: Rekordergebnis<\/li>\n<li>Mobimo Holding AG: Anleihe begeben<\/li>\n<li>Hiag Immobilien Holding AG: Neue Liga<\/li>\n<li>GIC: In Deutschland auf Einkaufstour<\/li>\n<li>NPS Korea: Top-Deal in London<\/li>\n<li>Aviva: Infrastructure Debt Funds gefragt<\/li>\n<li>Deutsche Hypo: Zweiter Gr\u00fcner Pfandbrief<\/li>\n<li>Final Performer: Fundamenta Real Estate AG<\/li>\n<\/ul>\n<h2>Stockwerkeigentum<\/h2>\n<ul>\n<li>Immobilienmarkt: Auf der sicheren Seite?<\/li>\n<\/ul>\n","protected":false},"excerpt":{"rendered":"<p>Erhalte die deutschsprachige Fachzeitschrift \u00abimmobilienbusiness\u00bb in der Immobilien Business Ausgabe 10\/2018 als PDF-Download mit nachfolgendem Inhaltsverzeichnis:<\/p>\n","protected":false},"featured_media":37331,"template":"","meta":{"_acf_changed":false,"pgc_sgb_lightbox_settings":""},"product_brand":[],"product_cat":[921],"product_tag":[926],"class_list":{"0":"post-37301","1":"product","2":"type-product","3":"status-publish","4":"has-post-thumbnail","6":"product_cat-einzelausgaben","7":"product_tag-926","9":"first","10":"instock","11":"downloadable","12":"virtual","13":"taxable","14":"purchasable","15":"product-type-simple"},"acf":[],"yoast_head":"<!-- This site is optimized with the Yoast SEO plugin v27.4 - https:\/\/yoast.com\/product\/yoast-seo-wordpress\/ -->\n<title>Immobilien Business Ausgabe 10\/2018 - IMMOBILIEN Business<\/title>\n<meta name=\"description\" content=\"Erhalte die deutschsprachige Fachzeitschrift \u00abimmobilienbusiness\u00bb in der Immobilien Business Ausgabe 10\/2018 als PDF-Download mit nachfolgendem Inhaltsverzeichnis:\" \/>\n<meta name=\"robots\" content=\"index, follow, max-snippet:-1, max-image-preview:large, max-video-preview:-1\" \/>\n<link rel=\"canonical\" href=\"https:\/\/www.immobilienbusiness.ch\/de\/produkt\/immobilien-business-ausgabe-10-2018\/\" \/>\n<meta property=\"og:locale\" content=\"de_DE\" \/>\n<meta property=\"og:type\" content=\"article\" \/>\n<meta property=\"og:title\" content=\"Immobilien Business Ausgabe 10\/2018 - IMMOBILIEN Business\" \/>\n<meta property=\"og:description\" content=\"Erhalte die deutschsprachige Fachzeitschrift \u00abimmobilienbusiness\u00bb in der Immobilien Business Ausgabe 10\/2018 als PDF-Download mit nachfolgendem Inhaltsverzeichnis:\" \/>\n<meta property=\"og:url\" content=\"https:\/\/www.immobilienbusiness.ch\/de\/produkt\/immobilien-business-ausgabe-10-2018\/\" \/>\n<meta property=\"og:site_name\" content=\"IMMOBILIEN Business\" \/>\n<meta property=\"article:publisher\" content=\"https:\/\/www.facebook.com\/immobilienbusiness\/\" \/>\n<meta property=\"article:modified_time\" content=\"2026-02-17T14:59:21+00:00\" \/>\n<meta property=\"og:image\" content=\"https:\/\/www.immobilienbusiness.ch\/wp-content\/uploads\/2021\/07\/Immobilien-Business-Ausgabe-10-2018.png\" \/>\n\t<meta property=\"og:image:width\" content=\"654\" \/>\n\t<meta property=\"og:image:height\" content=\"370\" \/>\n\t<meta property=\"og:image:type\" content=\"image\/png\" \/>\n<meta name=\"twitter:card\" content=\"summary_large_image\" \/>\n<script type=\"application\/ld+json\" class=\"yoast-schema-graph\">{\"@context\":\"https:\\\/\\\/schema.org\",\"@graph\":[{\"@type\":\"WebPage\",\"@id\":\"https:\\\/\\\/www.immobilienbusiness.ch\\\/produkt\\\/immobilien-business-ausgabe-10-2018\\\/\",\"url\":\"https:\\\/\\\/www.immobilienbusiness.ch\\\/produkt\\\/immobilien-business-ausgabe-10-2018\\\/\",\"name\":\"Immobilien Business Ausgabe 10\\\/2018 - IMMOBILIEN Business\",\"isPartOf\":{\"@id\":\"https:\\\/\\\/www.immobilienbusiness.ch\\\/#website\"},\"primaryImageOfPage\":{\"@id\":\"https:\\\/\\\/www.immobilienbusiness.ch\\\/produkt\\\/immobilien-business-ausgabe-10-2018\\\/#primaryimage\"},\"image\":{\"@id\":\"https:\\\/\\\/www.immobilienbusiness.ch\\\/produkt\\\/immobilien-business-ausgabe-10-2018\\\/#primaryimage\"},\"thumbnailUrl\":\"https:\\\/\\\/www.immobilienbusiness.ch\\\/wp-content\\\/uploads\\\/2021\\\/07\\\/Immobilien-Business-Ausgabe-10-2018.png\",\"datePublished\":\"2021-07-15T10:30:25+00:00\",\"dateModified\":\"2026-02-17T14:59:21+00:00\",\"description\":\"Erhalte die deutschsprachige Fachzeitschrift \u00abimmobilienbusiness\u00bb in der Immobilien Business Ausgabe 10\\\/2018 als PDF-Download mit nachfolgendem Inhaltsverzeichnis:\",\"breadcrumb\":{\"@id\":\"https:\\\/\\\/www.immobilienbusiness.ch\\\/produkt\\\/immobilien-business-ausgabe-10-2018\\\/#breadcrumb\"},\"inLanguage\":\"de\",\"potentialAction\":[{\"@type\":\"ReadAction\",\"target\":[\"https:\\\/\\\/www.immobilienbusiness.ch\\\/produkt\\\/immobilien-business-ausgabe-10-2018\\\/\"]}]},{\"@type\":\"ImageObject\",\"inLanguage\":\"de\",\"@id\":\"https:\\\/\\\/www.immobilienbusiness.ch\\\/produkt\\\/immobilien-business-ausgabe-10-2018\\\/#primaryimage\",\"url\":\"https:\\\/\\\/www.immobilienbusiness.ch\\\/wp-content\\\/uploads\\\/2021\\\/07\\\/Immobilien-Business-Ausgabe-10-2018.png\",\"contentUrl\":\"https:\\\/\\\/www.immobilienbusiness.ch\\\/wp-content\\\/uploads\\\/2021\\\/07\\\/Immobilien-Business-Ausgabe-10-2018.png\",\"width\":654,\"height\":370},{\"@type\":\"BreadcrumbList\",\"@id\":\"https:\\\/\\\/www.immobilienbusiness.ch\\\/produkt\\\/immobilien-business-ausgabe-10-2018\\\/#breadcrumb\",\"itemListElement\":[{\"@type\":\"ListItem\",\"position\":1,\"name\":\"Home\",\"item\":\"https:\\\/\\\/www.immobilienbusiness.ch\\\/\"},{\"@type\":\"ListItem\",\"position\":2,\"name\":\"Shop\",\"item\":\"https:\\\/\\\/www.immobilienbusiness.ch\\\/en\\\/shop\\\/\"},{\"@type\":\"ListItem\",\"position\":3,\"name\":\"Immobilien Business Ausgabe 10\\\/2018\"}]},{\"@type\":\"WebSite\",\"@id\":\"https:\\\/\\\/www.immobilienbusiness.ch\\\/#website\",\"url\":\"https:\\\/\\\/www.immobilienbusiness.ch\\\/\",\"name\":\"IMMOBILIEN Business\",\"description\":\"Unabh\u00e4ngiges Schweizer Wirtschaftsmagazin mit Fokus auf Immobilien, Architektur- und Bau sowie Investment- und Finanzierung.\",\"publisher\":{\"@id\":\"https:\\\/\\\/www.immobilienbusiness.ch\\\/#organization\"},\"potentialAction\":[{\"@type\":\"SearchAction\",\"target\":{\"@type\":\"EntryPoint\",\"urlTemplate\":\"https:\\\/\\\/www.immobilienbusiness.ch\\\/?s={search_term_string}\"},\"query-input\":{\"@type\":\"PropertyValueSpecification\",\"valueRequired\":true,\"valueName\":\"search_term_string\"}}],\"inLanguage\":\"de\"},{\"@type\":\"Organization\",\"@id\":\"https:\\\/\\\/www.immobilienbusiness.ch\\\/#organization\",\"name\":\"IMMOBILIEN Business\",\"url\":\"https:\\\/\\\/www.immobilienbusiness.ch\\\/\",\"logo\":{\"@type\":\"ImageObject\",\"inLanguage\":\"de\",\"@id\":\"https:\\\/\\\/www.immobilienbusiness.ch\\\/#\\\/schema\\\/logo\\\/image\\\/\",\"url\":\"https:\\\/\\\/www.immobilienbusiness.ch\\\/wp-content\\\/uploads\\\/2021\\\/07\\\/logo_ib.png\",\"contentUrl\":\"https:\\\/\\\/www.immobilienbusiness.ch\\\/wp-content\\\/uploads\\\/2021\\\/07\\\/logo_ib.png\",\"width\":800,\"height\":181,\"caption\":\"IMMOBILIEN Business\"},\"image\":{\"@id\":\"https:\\\/\\\/www.immobilienbusiness.ch\\\/#\\\/schema\\\/logo\\\/image\\\/\"},\"sameAs\":[\"https:\\\/\\\/www.facebook.com\\\/immobilienbusiness\\\/\"]}]}<\/script>\n<!-- \/ Yoast SEO plugin. -->","yoast_head_json":{"title":"Immobilien Business Ausgabe 10\/2018 - IMMOBILIEN Business","description":"Erhalte die deutschsprachige Fachzeitschrift \u00abimmobilienbusiness\u00bb in der Immobilien Business Ausgabe 10\/2018 als PDF-Download mit nachfolgendem Inhaltsverzeichnis:","robots":{"index":"index","follow":"follow","max-snippet":"max-snippet:-1","max-image-preview":"max-image-preview:large","max-video-preview":"max-video-preview:-1"},"canonical":"https:\/\/www.immobilienbusiness.ch\/de\/produkt\/immobilien-business-ausgabe-10-2018\/","og_locale":"de_DE","og_type":"article","og_title":"Immobilien Business Ausgabe 10\/2018 - IMMOBILIEN Business","og_description":"Erhalte die deutschsprachige Fachzeitschrift \u00abimmobilienbusiness\u00bb in der Immobilien Business Ausgabe 10\/2018 als PDF-Download mit nachfolgendem Inhaltsverzeichnis:","og_url":"https:\/\/www.immobilienbusiness.ch\/de\/produkt\/immobilien-business-ausgabe-10-2018\/","og_site_name":"IMMOBILIEN Business","article_publisher":"https:\/\/www.facebook.com\/immobilienbusiness\/","article_modified_time":"2026-02-17T14:59:21+00:00","og_image":[{"width":654,"height":370,"url":"https:\/\/www.immobilienbusiness.ch\/wp-content\/uploads\/2021\/07\/Immobilien-Business-Ausgabe-10-2018.png","type":"image\/png"}],"twitter_card":"summary_large_image","schema":{"@context":"https:\/\/schema.org","@graph":[{"@type":"WebPage","@id":"https:\/\/www.immobilienbusiness.ch\/produkt\/immobilien-business-ausgabe-10-2018\/","url":"https:\/\/www.immobilienbusiness.ch\/produkt\/immobilien-business-ausgabe-10-2018\/","name":"Immobilien Business Ausgabe 10\/2018 - IMMOBILIEN Business","isPartOf":{"@id":"https:\/\/www.immobilienbusiness.ch\/#website"},"primaryImageOfPage":{"@id":"https:\/\/www.immobilienbusiness.ch\/produkt\/immobilien-business-ausgabe-10-2018\/#primaryimage"},"image":{"@id":"https:\/\/www.immobilienbusiness.ch\/produkt\/immobilien-business-ausgabe-10-2018\/#primaryimage"},"thumbnailUrl":"https:\/\/www.immobilienbusiness.ch\/wp-content\/uploads\/2021\/07\/Immobilien-Business-Ausgabe-10-2018.png","datePublished":"2021-07-15T10:30:25+00:00","dateModified":"2026-02-17T14:59:21+00:00","description":"Erhalte die deutschsprachige Fachzeitschrift \u00abimmobilienbusiness\u00bb in der Immobilien Business Ausgabe 10\/2018 als PDF-Download mit nachfolgendem Inhaltsverzeichnis:","breadcrumb":{"@id":"https:\/\/www.immobilienbusiness.ch\/produkt\/immobilien-business-ausgabe-10-2018\/#breadcrumb"},"inLanguage":"de","potentialAction":[{"@type":"ReadAction","target":["https:\/\/www.immobilienbusiness.ch\/produkt\/immobilien-business-ausgabe-10-2018\/"]}]},{"@type":"ImageObject","inLanguage":"de","@id":"https:\/\/www.immobilienbusiness.ch\/produkt\/immobilien-business-ausgabe-10-2018\/#primaryimage","url":"https:\/\/www.immobilienbusiness.ch\/wp-content\/uploads\/2021\/07\/Immobilien-Business-Ausgabe-10-2018.png","contentUrl":"https:\/\/www.immobilienbusiness.ch\/wp-content\/uploads\/2021\/07\/Immobilien-Business-Ausgabe-10-2018.png","width":654,"height":370},{"@type":"BreadcrumbList","@id":"https:\/\/www.immobilienbusiness.ch\/produkt\/immobilien-business-ausgabe-10-2018\/#breadcrumb","itemListElement":[{"@type":"ListItem","position":1,"name":"Home","item":"https:\/\/www.immobilienbusiness.ch\/"},{"@type":"ListItem","position":2,"name":"Shop","item":"https:\/\/www.immobilienbusiness.ch\/en\/shop\/"},{"@type":"ListItem","position":3,"name":"Immobilien Business Ausgabe 10\/2018"}]},{"@type":"WebSite","@id":"https:\/\/www.immobilienbusiness.ch\/#website","url":"https:\/\/www.immobilienbusiness.ch\/","name":"IMMOBILIEN Business","description":"Unabh\u00e4ngiges Schweizer Wirtschaftsmagazin mit Fokus auf Immobilien, Architektur- und Bau sowie Investment- und Finanzierung.","publisher":{"@id":"https:\/\/www.immobilienbusiness.ch\/#organization"},"potentialAction":[{"@type":"SearchAction","target":{"@type":"EntryPoint","urlTemplate":"https:\/\/www.immobilienbusiness.ch\/?s={search_term_string}"},"query-input":{"@type":"PropertyValueSpecification","valueRequired":true,"valueName":"search_term_string"}}],"inLanguage":"de"},{"@type":"Organization","@id":"https:\/\/www.immobilienbusiness.ch\/#organization","name":"IMMOBILIEN Business","url":"https:\/\/www.immobilienbusiness.ch\/","logo":{"@type":"ImageObject","inLanguage":"de","@id":"https:\/\/www.immobilienbusiness.ch\/#\/schema\/logo\/image\/","url":"https:\/\/www.immobilienbusiness.ch\/wp-content\/uploads\/2021\/07\/logo_ib.png","contentUrl":"https:\/\/www.immobilienbusiness.ch\/wp-content\/uploads\/2021\/07\/logo_ib.png","width":800,"height":181,"caption":"IMMOBILIEN Business"},"image":{"@id":"https:\/\/www.immobilienbusiness.ch\/#\/schema\/logo\/image\/"},"sameAs":["https:\/\/www.facebook.com\/immobilienbusiness\/"]}]}},"_links":{"self":[{"href":"https:\/\/www.immobilienbusiness.ch\/de\/wp-json\/wp\/v2\/product\/37301","targetHints":{"allow":["GET"]}}],"collection":[{"href":"https:\/\/www.immobilienbusiness.ch\/de\/wp-json\/wp\/v2\/product"}],"about":[{"href":"https:\/\/www.immobilienbusiness.ch\/de\/wp-json\/wp\/v2\/types\/product"}],"wp:featuredmedia":[{"embeddable":true,"href":"https:\/\/www.immobilienbusiness.ch\/de\/wp-json\/wp\/v2\/media\/37331"}],"wp:attachment":[{"href":"https:\/\/www.immobilienbusiness.ch\/de\/wp-json\/wp\/v2\/media?parent=37301"}],"wp:term":[{"taxonomy":"product_brand","embeddable":true,"href":"https:\/\/www.immobilienbusiness.ch\/de\/wp-json\/wp\/v2\/product_brand?post=37301"},{"taxonomy":"product_cat","embeddable":true,"href":"https:\/\/www.immobilienbusiness.ch\/de\/wp-json\/wp\/v2\/product_cat?post=37301"},{"taxonomy":"product_tag","embeddable":true,"href":"https:\/\/www.immobilienbusiness.ch\/de\/wp-json\/wp\/v2\/product_tag?post=37301"}],"curies":[{"name":"wp","href":"https:\/\/api.w.org\/{rel}","templated":true}]}}