{"id":37273,"date":"2021-07-15T12:30:05","date_gmt":"2021-07-15T10:30:05","guid":{"rendered":"https:\/\/www.immobilienbusiness.ch\/?post_type=product&#038;p=37273"},"modified":"2026-02-17T16:00:52","modified_gmt":"2026-02-17T15:00:52","slug":"immobilien-business-ausgabe-1-2-2019","status":"publish","type":"product","link":"https:\/\/www.immobilienbusiness.ch\/de\/produkt\/immobilien-business-ausgabe-1-2-2019\/","title":{"rendered":"Immobilien Business Ausgabe 1-2\/2019"},"content":{"rendered":"<h2>Nachrichten<\/h2>\n<ul>\n<li>Z\u00fcrich: Genesis-Showroom in der City<\/li>\n<li>Z\u00fcrich: Zwei neue Hochh\u00e4user f\u00fcr Oerlikon<\/li>\n<li>Personalia: SBB Immobilien<\/li>\n<li>Baden: Office Lab er\u00f6ffnet Standort im Trafo<\/li>\n<li>Zuchwil: Riverside-Areal vor der Transformation<\/li>\n<li>Personalia: Eiffage Suisse \/ ASA<\/li>\n<li>Chur: Neue Nutzung f\u00fcr das Sennhof-Areal<\/li>\n<li>Rapperswil-Jona: Pl\u00e4ne f\u00fcr das Vinora-Areal<\/li>\n<li>Personalia: PropTech Ventures \/ AXA IM (CH)<\/li>\n<li>Sils: Neues Skihotel in Planung<\/li>\n<li>Flims: Stenna Flims er\u00f6ffnet<\/li>\n<li>Personalia: SPG Intercity Zurich AG \/ MoS<\/li>\n<li>Z\u00fcrich: Neue Mieter am Beatenplatz<\/li>\n<li>Bern: Pl\u00e4ne f\u00fcr das Meinen-Areal<\/li>\n<li>Personalia: Warteck Invest<\/li>\n<li>Renens: Baubeginn f\u00fcr Parc du Simplon<\/li>\n<li>Bern: Projekt Viererfeld einen Schritt weiter<\/li>\n<li>Zug: Gewoba \u00fcbernimmt Altstadth\u00e4user<\/li>\n<li>Personalia: Shopping Center Forum<\/li>\n<li>Z\u00fcrich: Stararchitekten bauen im HGZZ<\/li>\n<li>Grenchen: Baustart f\u00fcr den Sunnepark<\/li>\n<li>Personalia: EY Real Estate Schweiz<\/li>\n<\/ul>\n<h2>Trends<\/h2>\n<ul>\n<li>Boom am Schweizer Hotelmarkt Kettenhotels setzen ihre Expansion fort<\/li>\n<\/ul>\n<h2>M\u00e4rkte und Investment<\/h2>\n<ul>\n<li>Links oder rechts vom Rhein? Auslandsinvestment im Vergleich<\/li>\n<\/ul>\n<h2>Titel-Thema<\/h2>\n<ul>\n<li>Comeback der B\u00fcrot\u00fcrme Renditechancen am B\u00fcromarkt<\/li>\n<li>Kolumne: Krisen sei Dank<\/li>\n<\/ul>\n<h2>Aus den Regionen<\/h2>\n<ul>\n<li>Als Blaupause nicht geeignet Andermatt-Reussen auf gutem Weg<\/li>\n<li>Interview mit Christopher Hinteregger<\/li>\n<\/ul>\n<h2>Architektur und Standortentwickung<\/h2>\n<ul>\n<li>Kasse machen an der Limmat Liegenschaften in Z\u00fcrich sind hoch begehrt<\/li>\n<li>Schlierens grosser Stadtumbau<\/li>\n<\/ul>\n<h2>Residential<\/h2>\n<ul>\n<li>Hohe Nachfrage nach Studentenwohnheimen Neue Studie zum Bestand<\/li>\n<\/ul>\n<h2>Service<\/h2>\n<ul>\n<li>Agenda \/ R\u00fcckblick<\/li>\n<li>Angebotsmieten<\/li>\n<\/ul>\n<h2>Auslandsm\u00e4rkte<\/h2>\n<ul>\n<li>Die B\u00fcrde des Brexits B\u00fcrofl\u00e4chenmarkt trotzt der Verunsicherung<\/li>\n<\/ul>\n<h2>Immobilien-Finanzm\u00e4rkte<\/h2>\n<ul>\n<li>Im Gespr\u00e4ch: Bruno Kurz, CEO Immoveris<\/li>\n<li>56 Swiss Life REF Swiss Properties: Frisches Geld<\/li>\n<li>UBS Direct Residential: Auf Einkaufstour<\/li>\n<li>ZIF Immobilien Direkt Schweiz: Neuer Fonds<\/li>\n<li>Procimmo Swiss Commercial II: Zwei Zuk\u00e4ufe<\/li>\n<li>Investis: Ausstieg bei Fonci\u00e8re de la Dixence<\/li>\n<li>Promaxima Immobilien: Neuer Verwaltungsrat<\/li>\n<li>Plazza: Mehr Gewinn<\/li>\n<li>Baloise: Einstieg bei Infracore<\/li>\n<li>UBS AST-IS: Zukauf in Lugano<\/li>\n<li>Immobilienmarkt Schweiz: Keine Crashgefahr<\/li>\n<li>Immobilienderivate: Zeit f\u00fcr neuen Anlauf?<\/li>\n<li>ASA AG: Orascom DH wieder Mehrheitsaktion\u00e4r<\/li>\n<li>Swiss Life AMs: Investment in M\u00fcnchen<\/li>\n<li>Redevco B.V.: Neuer Wohnimmobilienfonds<\/li>\n<li>Varia US Poperties: Verkauf bei Seattle<\/li>\n<li>Acron Gruppe: \u00abErfreuliches Gesch\u00e4ftsjahr\u00bb<\/li>\n<li>UBS AM Real Estate &amp; Private Markets: Deal in Frankfurt<\/li>\n<li>66 Final Performer<\/li>\n<\/ul>\n<h2>Stockwerkeigentum<\/h2>\n<ul>\n<li>\u00abWas, wenn der Baum vor dem Balkon st\u00f6rt?\u00bb<\/li>\n<\/ul>\n","protected":false},"excerpt":{"rendered":"<p>Erhalte die deutschsprachige Fachzeitschrift \u00aborganisator\u00bb in der Immobilien Business Ausgabe 1-2\/2019 als PDF-Download mit nachfolgendem Inhaltsverzeichnis:<\/p>\n","protected":false},"featured_media":37327,"template":"","meta":{"_acf_changed":false,"pgc_sgb_lightbox_settings":""},"product_brand":[],"product_cat":[924],"product_tag":[925],"class_list":{"0":"post-37273","1":"product","2":"type-product","3":"status-publish","4":"has-post-thumbnail","6":"product_cat-uncategorized","7":"product_tag-925","9":"first","10":"instock","11":"downloadable","12":"virtual","13":"taxable","14":"purchasable","15":"product-type-simple"},"acf":[],"yoast_head":"<!-- This site is optimized with the Yoast SEO plugin v27.4 - https:\/\/yoast.com\/product\/yoast-seo-wordpress\/ -->\n<title>Immobilien Business Ausgabe 1-2\/2019 - IMMOBILIEN Business<\/title>\n<meta name=\"description\" content=\"Erhalte die deutschsprachige Fachzeitschrift \u00aborganisator\u00bb in der Immobilien Business Ausgabe 1-2\/2019 als PDF-Download mit nachfolgendem Inhaltsverzeichnis:\" \/>\n<meta name=\"robots\" content=\"index, follow, max-snippet:-1, max-image-preview:large, max-video-preview:-1\" \/>\n<link rel=\"canonical\" href=\"https:\/\/www.immobilienbusiness.ch\/de\/produkt\/immobilien-business-ausgabe-1-2-2019\/\" \/>\n<meta property=\"og:locale\" content=\"de_DE\" \/>\n<meta property=\"og:type\" content=\"article\" \/>\n<meta property=\"og:title\" content=\"Immobilien Business Ausgabe 1-2\/2019 - IMMOBILIEN Business\" \/>\n<meta property=\"og:description\" content=\"Erhalte die deutschsprachige Fachzeitschrift \u00aborganisator\u00bb in der Immobilien Business Ausgabe 1-2\/2019 als PDF-Download mit nachfolgendem Inhaltsverzeichnis:\" \/>\n<meta property=\"og:url\" content=\"https:\/\/www.immobilienbusiness.ch\/de\/produkt\/immobilien-business-ausgabe-1-2-2019\/\" \/>\n<meta property=\"og:site_name\" content=\"IMMOBILIEN Business\" \/>\n<meta property=\"article:publisher\" content=\"https:\/\/www.facebook.com\/immobilienbusiness\/\" \/>\n<meta property=\"article:modified_time\" content=\"2026-02-17T15:00:52+00:00\" \/>\n<meta property=\"og:image\" content=\"https:\/\/www.immobilienbusiness.ch\/wp-content\/uploads\/2021\/07\/Immobilien-Business-Ausgabe-1-2-2019.png\" \/>\n\t<meta property=\"og:image:width\" content=\"654\" \/>\n\t<meta property=\"og:image:height\" content=\"370\" \/>\n\t<meta property=\"og:image:type\" content=\"image\/png\" \/>\n<meta name=\"twitter:card\" content=\"summary_large_image\" \/>\n<script type=\"application\/ld+json\" class=\"yoast-schema-graph\">{\"@context\":\"https:\\\/\\\/schema.org\",\"@graph\":[{\"@type\":\"WebPage\",\"@id\":\"https:\\\/\\\/www.immobilienbusiness.ch\\\/produkt\\\/immobilien-business-ausgabe-1-2-2019\\\/\",\"url\":\"https:\\\/\\\/www.immobilienbusiness.ch\\\/produkt\\\/immobilien-business-ausgabe-1-2-2019\\\/\",\"name\":\"Immobilien Business Ausgabe 1-2\\\/2019 - IMMOBILIEN Business\",\"isPartOf\":{\"@id\":\"https:\\\/\\\/www.immobilienbusiness.ch\\\/#website\"},\"primaryImageOfPage\":{\"@id\":\"https:\\\/\\\/www.immobilienbusiness.ch\\\/produkt\\\/immobilien-business-ausgabe-1-2-2019\\\/#primaryimage\"},\"image\":{\"@id\":\"https:\\\/\\\/www.immobilienbusiness.ch\\\/produkt\\\/immobilien-business-ausgabe-1-2-2019\\\/#primaryimage\"},\"thumbnailUrl\":\"https:\\\/\\\/www.immobilienbusiness.ch\\\/wp-content\\\/uploads\\\/2021\\\/07\\\/Immobilien-Business-Ausgabe-1-2-2019.png\",\"datePublished\":\"2021-07-15T10:30:05+00:00\",\"dateModified\":\"2026-02-17T15:00:52+00:00\",\"description\":\"Erhalte die deutschsprachige Fachzeitschrift \u00aborganisator\u00bb in der Immobilien Business Ausgabe 1-2\\\/2019 als PDF-Download mit nachfolgendem Inhaltsverzeichnis:\",\"breadcrumb\":{\"@id\":\"https:\\\/\\\/www.immobilienbusiness.ch\\\/produkt\\\/immobilien-business-ausgabe-1-2-2019\\\/#breadcrumb\"},\"inLanguage\":\"de\",\"potentialAction\":[{\"@type\":\"ReadAction\",\"target\":[\"https:\\\/\\\/www.immobilienbusiness.ch\\\/produkt\\\/immobilien-business-ausgabe-1-2-2019\\\/\"]}]},{\"@type\":\"ImageObject\",\"inLanguage\":\"de\",\"@id\":\"https:\\\/\\\/www.immobilienbusiness.ch\\\/produkt\\\/immobilien-business-ausgabe-1-2-2019\\\/#primaryimage\",\"url\":\"https:\\\/\\\/www.immobilienbusiness.ch\\\/wp-content\\\/uploads\\\/2021\\\/07\\\/Immobilien-Business-Ausgabe-1-2-2019.png\",\"contentUrl\":\"https:\\\/\\\/www.immobilienbusiness.ch\\\/wp-content\\\/uploads\\\/2021\\\/07\\\/Immobilien-Business-Ausgabe-1-2-2019.png\",\"width\":654,\"height\":370},{\"@type\":\"BreadcrumbList\",\"@id\":\"https:\\\/\\\/www.immobilienbusiness.ch\\\/produkt\\\/immobilien-business-ausgabe-1-2-2019\\\/#breadcrumb\",\"itemListElement\":[{\"@type\":\"ListItem\",\"position\":1,\"name\":\"Home\",\"item\":\"https:\\\/\\\/www.immobilienbusiness.ch\\\/\"},{\"@type\":\"ListItem\",\"position\":2,\"name\":\"Shop\",\"item\":\"https:\\\/\\\/www.immobilienbusiness.ch\\\/en\\\/shop\\\/\"},{\"@type\":\"ListItem\",\"position\":3,\"name\":\"Immobilien Business Ausgabe 1-2\\\/2019\"}]},{\"@type\":\"WebSite\",\"@id\":\"https:\\\/\\\/www.immobilienbusiness.ch\\\/#website\",\"url\":\"https:\\\/\\\/www.immobilienbusiness.ch\\\/\",\"name\":\"IMMOBILIEN Business\",\"description\":\"Unabh\u00e4ngiges Schweizer Wirtschaftsmagazin mit Fokus auf Immobilien, Architektur- und Bau sowie Investment- und Finanzierung.\",\"publisher\":{\"@id\":\"https:\\\/\\\/www.immobilienbusiness.ch\\\/#organization\"},\"potentialAction\":[{\"@type\":\"SearchAction\",\"target\":{\"@type\":\"EntryPoint\",\"urlTemplate\":\"https:\\\/\\\/www.immobilienbusiness.ch\\\/?s={search_term_string}\"},\"query-input\":{\"@type\":\"PropertyValueSpecification\",\"valueRequired\":true,\"valueName\":\"search_term_string\"}}],\"inLanguage\":\"de\"},{\"@type\":\"Organization\",\"@id\":\"https:\\\/\\\/www.immobilienbusiness.ch\\\/#organization\",\"name\":\"IMMOBILIEN Business\",\"url\":\"https:\\\/\\\/www.immobilienbusiness.ch\\\/\",\"logo\":{\"@type\":\"ImageObject\",\"inLanguage\":\"de\",\"@id\":\"https:\\\/\\\/www.immobilienbusiness.ch\\\/#\\\/schema\\\/logo\\\/image\\\/\",\"url\":\"https:\\\/\\\/www.immobilienbusiness.ch\\\/wp-content\\\/uploads\\\/2021\\\/07\\\/logo_ib.png\",\"contentUrl\":\"https:\\\/\\\/www.immobilienbusiness.ch\\\/wp-content\\\/uploads\\\/2021\\\/07\\\/logo_ib.png\",\"width\":800,\"height\":181,\"caption\":\"IMMOBILIEN Business\"},\"image\":{\"@id\":\"https:\\\/\\\/www.immobilienbusiness.ch\\\/#\\\/schema\\\/logo\\\/image\\\/\"},\"sameAs\":[\"https:\\\/\\\/www.facebook.com\\\/immobilienbusiness\\\/\"]}]}<\/script>\n<!-- \/ Yoast SEO plugin. -->","yoast_head_json":{"title":"Immobilien Business Ausgabe 1-2\/2019 - IMMOBILIEN Business","description":"Erhalte die deutschsprachige Fachzeitschrift \u00aborganisator\u00bb in der Immobilien Business Ausgabe 1-2\/2019 als PDF-Download mit nachfolgendem Inhaltsverzeichnis:","robots":{"index":"index","follow":"follow","max-snippet":"max-snippet:-1","max-image-preview":"max-image-preview:large","max-video-preview":"max-video-preview:-1"},"canonical":"https:\/\/www.immobilienbusiness.ch\/de\/produkt\/immobilien-business-ausgabe-1-2-2019\/","og_locale":"de_DE","og_type":"article","og_title":"Immobilien Business Ausgabe 1-2\/2019 - IMMOBILIEN Business","og_description":"Erhalte die deutschsprachige Fachzeitschrift \u00aborganisator\u00bb in der Immobilien Business Ausgabe 1-2\/2019 als PDF-Download mit nachfolgendem Inhaltsverzeichnis:","og_url":"https:\/\/www.immobilienbusiness.ch\/de\/produkt\/immobilien-business-ausgabe-1-2-2019\/","og_site_name":"IMMOBILIEN Business","article_publisher":"https:\/\/www.facebook.com\/immobilienbusiness\/","article_modified_time":"2026-02-17T15:00:52+00:00","og_image":[{"width":654,"height":370,"url":"https:\/\/www.immobilienbusiness.ch\/wp-content\/uploads\/2021\/07\/Immobilien-Business-Ausgabe-1-2-2019.png","type":"image\/png"}],"twitter_card":"summary_large_image","schema":{"@context":"https:\/\/schema.org","@graph":[{"@type":"WebPage","@id":"https:\/\/www.immobilienbusiness.ch\/produkt\/immobilien-business-ausgabe-1-2-2019\/","url":"https:\/\/www.immobilienbusiness.ch\/produkt\/immobilien-business-ausgabe-1-2-2019\/","name":"Immobilien Business Ausgabe 1-2\/2019 - IMMOBILIEN Business","isPartOf":{"@id":"https:\/\/www.immobilienbusiness.ch\/#website"},"primaryImageOfPage":{"@id":"https:\/\/www.immobilienbusiness.ch\/produkt\/immobilien-business-ausgabe-1-2-2019\/#primaryimage"},"image":{"@id":"https:\/\/www.immobilienbusiness.ch\/produkt\/immobilien-business-ausgabe-1-2-2019\/#primaryimage"},"thumbnailUrl":"https:\/\/www.immobilienbusiness.ch\/wp-content\/uploads\/2021\/07\/Immobilien-Business-Ausgabe-1-2-2019.png","datePublished":"2021-07-15T10:30:05+00:00","dateModified":"2026-02-17T15:00:52+00:00","description":"Erhalte die deutschsprachige Fachzeitschrift \u00aborganisator\u00bb in der Immobilien Business Ausgabe 1-2\/2019 als PDF-Download mit nachfolgendem Inhaltsverzeichnis:","breadcrumb":{"@id":"https:\/\/www.immobilienbusiness.ch\/produkt\/immobilien-business-ausgabe-1-2-2019\/#breadcrumb"},"inLanguage":"de","potentialAction":[{"@type":"ReadAction","target":["https:\/\/www.immobilienbusiness.ch\/produkt\/immobilien-business-ausgabe-1-2-2019\/"]}]},{"@type":"ImageObject","inLanguage":"de","@id":"https:\/\/www.immobilienbusiness.ch\/produkt\/immobilien-business-ausgabe-1-2-2019\/#primaryimage","url":"https:\/\/www.immobilienbusiness.ch\/wp-content\/uploads\/2021\/07\/Immobilien-Business-Ausgabe-1-2-2019.png","contentUrl":"https:\/\/www.immobilienbusiness.ch\/wp-content\/uploads\/2021\/07\/Immobilien-Business-Ausgabe-1-2-2019.png","width":654,"height":370},{"@type":"BreadcrumbList","@id":"https:\/\/www.immobilienbusiness.ch\/produkt\/immobilien-business-ausgabe-1-2-2019\/#breadcrumb","itemListElement":[{"@type":"ListItem","position":1,"name":"Home","item":"https:\/\/www.immobilienbusiness.ch\/"},{"@type":"ListItem","position":2,"name":"Shop","item":"https:\/\/www.immobilienbusiness.ch\/en\/shop\/"},{"@type":"ListItem","position":3,"name":"Immobilien Business Ausgabe 1-2\/2019"}]},{"@type":"WebSite","@id":"https:\/\/www.immobilienbusiness.ch\/#website","url":"https:\/\/www.immobilienbusiness.ch\/","name":"IMMOBILIEN Business","description":"Unabh\u00e4ngiges Schweizer Wirtschaftsmagazin mit Fokus auf Immobilien, Architektur- und Bau sowie Investment- und Finanzierung.","publisher":{"@id":"https:\/\/www.immobilienbusiness.ch\/#organization"},"potentialAction":[{"@type":"SearchAction","target":{"@type":"EntryPoint","urlTemplate":"https:\/\/www.immobilienbusiness.ch\/?s={search_term_string}"},"query-input":{"@type":"PropertyValueSpecification","valueRequired":true,"valueName":"search_term_string"}}],"inLanguage":"de"},{"@type":"Organization","@id":"https:\/\/www.immobilienbusiness.ch\/#organization","name":"IMMOBILIEN Business","url":"https:\/\/www.immobilienbusiness.ch\/","logo":{"@type":"ImageObject","inLanguage":"de","@id":"https:\/\/www.immobilienbusiness.ch\/#\/schema\/logo\/image\/","url":"https:\/\/www.immobilienbusiness.ch\/wp-content\/uploads\/2021\/07\/logo_ib.png","contentUrl":"https:\/\/www.immobilienbusiness.ch\/wp-content\/uploads\/2021\/07\/logo_ib.png","width":800,"height":181,"caption":"IMMOBILIEN Business"},"image":{"@id":"https:\/\/www.immobilienbusiness.ch\/#\/schema\/logo\/image\/"},"sameAs":["https:\/\/www.facebook.com\/immobilienbusiness\/"]}]}},"_links":{"self":[{"href":"https:\/\/www.immobilienbusiness.ch\/de\/wp-json\/wp\/v2\/product\/37273","targetHints":{"allow":["GET"]}}],"collection":[{"href":"https:\/\/www.immobilienbusiness.ch\/de\/wp-json\/wp\/v2\/product"}],"about":[{"href":"https:\/\/www.immobilienbusiness.ch\/de\/wp-json\/wp\/v2\/types\/product"}],"wp:featuredmedia":[{"embeddable":true,"href":"https:\/\/www.immobilienbusiness.ch\/de\/wp-json\/wp\/v2\/media\/37327"}],"wp:attachment":[{"href":"https:\/\/www.immobilienbusiness.ch\/de\/wp-json\/wp\/v2\/media?parent=37273"}],"wp:term":[{"taxonomy":"product_brand","embeddable":true,"href":"https:\/\/www.immobilienbusiness.ch\/de\/wp-json\/wp\/v2\/product_brand?post=37273"},{"taxonomy":"product_cat","embeddable":true,"href":"https:\/\/www.immobilienbusiness.ch\/de\/wp-json\/wp\/v2\/product_cat?post=37273"},{"taxonomy":"product_tag","embeddable":true,"href":"https:\/\/www.immobilienbusiness.ch\/de\/wp-json\/wp\/v2\/product_tag?post=37273"}],"curies":[{"name":"wp","href":"https:\/\/api.w.org\/{rel}","templated":true}]}}