{"id":37260,"date":"2021-07-15T12:30:05","date_gmt":"2021-07-15T10:30:05","guid":{"rendered":"https:\/\/www.immobilienbusiness.ch\/?post_type=product&#038;p=37260"},"modified":"2026-02-17T16:00:50","modified_gmt":"2026-02-17T15:00:50","slug":"immobilien-business-ausgabe-3-2020","status":"publish","type":"product","link":"https:\/\/www.immobilienbusiness.ch\/de\/produkt\/immobilien-business-ausgabe-3-2020\/","title":{"rendered":"Immobilien Business Ausgabe 3\/2020"},"content":{"rendered":"<h2>Nachrichten<\/h2>\n<ul>\n<li>Z\u00fcrich: Grundsteinlegung f\u00fcr Manufakt8048<\/li>\n<li>Z\u00fcrich: Gr\u00fcnes Licht f\u00fcr Tramdepot Hard<\/li>\n<li>Personalia: Allreal Holding AG<\/li>\n<li>Z\u00fcrich: Neue Nutzung f\u00fcr das Kasernenareal<\/li>\n<li>Z\u00fcrich: PSP-Projekt Atmos vollvermietet<\/li>\n<li>Personalia: Crowdli AG; Ginesta Immobilien AG<\/li>\n<li>Z\u00fcrich: T-Systems zieht ins Ambassador House<\/li>\n<li>Z\u00fcrich: Selfie-Museum als Interimsnutzung<\/li>\n<li>Personalia: Mobimo Holding AG; Orascom<\/li>\n<li>Development Holding AG<\/li>\n<li>Aarau: Facelift f\u00fcr die Tellisiedlung<\/li>\n<li>Ebikon: Gemeinde erwirbt das L\u00f6wen-Areal<\/li>\n<li>Personalia: LuzernPlus; Verit Immobilien AG<\/li>\n<li>Basel: Neues Leitbild f\u00fcr Rosental Mitte<\/li>\n<li>Basel: MCH verkauft Messehalle und Musical<\/li>\n<li>Personalia: Novavest Real Estate AG<\/li>\n<li>Aarau: Neubau des Kantonsspitals r\u00fcckt n\u00e4her<\/li>\n<li>Thun: Neuer Wirtschaftspark<\/li>\n<li>Personalia: UZE AG<\/li>\n<\/ul>\n<h2>Trends<\/h2>\n<ul>\n<li>Lagerhallen verweifelt gesucht Logistikimmobilen als gefragte Assetklasse<\/li>\n<li>Wie bei Mama Neue Ideen f\u00fcr mehr Hospitality<\/li>\n<\/ul>\n<h2>M\u00e4rkte und Investment<\/h2>\n<ul>\n<li>\u00abZeit f\u00fcr neue Schulden\u00bb \u00d6konomen fordern mehr staatliche Investments<\/li>\n<li>Br\u00fcsseler Eigentor EU-Anleger sch\u00e4tzen Schweizer Branchenwert<\/li>\n<\/ul>\n<h2>Titelthema<\/h2>\n<ul>\n<li>Genfersee lockt Investoren Positive Wirtschaftsdaten, viele Projekte<\/li>\n<li>Ambitionierte Transformation Neue Nutzungen f\u00fcr Genfer Industrieareal<\/li>\n<\/ul>\n<h2>Asset- und Portfolio-Management<\/h2>\n<ul>\n<li>Neue Landflucht Non-Core-Objekte liegen im Trend<\/li>\n<\/ul>\n<h2>Innovationen<\/h2>\n<ul>\n<li>Auf die \u00abinneren Werte\u00bb achten Effiziente Methoden zur Geb\u00e4udesanierung<\/li>\n<li>Geb\u00e4udetechnik als Werttreiber Interview zum Swiss Valuation Congress<\/li>\n<\/ul>\n<h2>Residential<\/h2>\n<ul>\n<li>Auff\u00e4llige Parallelen Wohnimmobilien verlieren ihren Nimbus<\/li>\n<\/ul>\n<h2>Service<\/h2>\n<ul>\n<li>Agenda \/R\u00fcckblick<\/li>\n<li>Angebotsmieten<\/li>\n<li>Mehr Rechte, mehr Pflichten R\u00fcckblick SVIT Real Estate Symposium 2020<\/li>\n<\/ul>\n<h2>Auslandsm\u00e4rkte<\/h2>\n<ul>\n<li>Im Visier internationaler Investoren Spanien hat wieder Wachstumspotenzial<\/li>\n<\/ul>\n<h2>Immobilien-Finanzm\u00e4rkte<\/h2>\n<ul>\n<li>Interview des Monats: Daniel Ducrey, Mobimo<\/li>\n<li>Im Fokus: London nach dem Brexit<\/li>\n<li>Sustainable RE AG: Auf Kapitalsuche<\/li>\n<li>Credit Suisse REF Logisticsplus: IPO in Sicht<\/li>\n<li>Utilita AST: Zeichnungsfrist verl\u00e4ngert<\/li>\n<li>Helvetica Swiss Living Fund: Zuk\u00e4ufe geplant<\/li>\n<li>Steiner AST: Grossprojekt in Genf<\/li>\n<li>Remnex AG: Neue Anlagestiftung<\/li>\n<li>Immofonds: Gut unterwegs<\/li>\n<li>Acron: Neues Angebot Acron Helvetia XIV<\/li>\n<li>Mobimo Holding: Gut behauptet<\/li>\n<li>BFW Liegenschaften AG: Going private geplant<\/li>\n<li>Swiss Prime Site: Deal mit Capvis<\/li>\n<li>Migros-Genossenschafts-Bund: Globus geht an<\/li>\n<li>Central Group und Signa Holding<\/li>\n<li>Implenia AG: Drei neue Grossauftr\u00e4ge<\/li>\n<li>Cording Real Estate Group: Investment im UK<\/li>\n<li>ODH AG: Zusammenarbeit mit Kent College<\/li>\n<li>Corestate Capital: Prominenz im Aufsichtsrat<\/li>\n<li>Swiss Life: Neuer Zukauf in Eschborn<\/li>\n<li>Final Performer: PSP Swiss Property AG<\/li>\n<\/ul>\n","protected":false},"excerpt":{"rendered":"<p>Erhalte die deutschsprachige Fachzeitschrift \u00abimmobilienbusiness\u00bb in der Immobilien Business Ausgabe 3\/2020 als PDF-Download mit nachfolgendem Inhaltsverzeichnis:<\/p>\n","protected":false},"featured_media":37290,"template":"","meta":{"_acf_changed":false,"pgc_sgb_lightbox_settings":""},"product_brand":[],"product_cat":[921],"product_tag":[923],"class_list":{"0":"post-37260","1":"product","2":"type-product","3":"status-publish","4":"has-post-thumbnail","6":"product_cat-einzelausgaben","7":"product_tag-923","9":"first","10":"instock","11":"downloadable","12":"virtual","13":"taxable","14":"purchasable","15":"product-type-simple"},"acf":[],"yoast_head":"<!-- This site is optimized with the Yoast SEO plugin v27.4 - https:\/\/yoast.com\/product\/yoast-seo-wordpress\/ -->\n<title>Immobilien Business Ausgabe 3\/2020 - IMMOBILIEN Business<\/title>\n<meta name=\"description\" content=\"Erhalte die deutschsprachige Fachzeitschrift \u00abimmobilienbusiness\u00bb in der Immobilien Business Ausgabe 3\/2020 als PDF-Download mit nachfolgendem Inhaltsverzeichnis:\" \/>\n<meta name=\"robots\" content=\"index, follow, max-snippet:-1, max-image-preview:large, max-video-preview:-1\" \/>\n<link rel=\"canonical\" href=\"https:\/\/www.immobilienbusiness.ch\/de\/produkt\/immobilien-business-ausgabe-3-2020\/\" \/>\n<meta property=\"og:locale\" content=\"de_DE\" \/>\n<meta property=\"og:type\" content=\"article\" \/>\n<meta property=\"og:title\" content=\"Immobilien Business Ausgabe 3\/2020 - IMMOBILIEN Business\" \/>\n<meta property=\"og:description\" content=\"Erhalte die deutschsprachige Fachzeitschrift \u00abimmobilienbusiness\u00bb in der Immobilien Business Ausgabe 3\/2020 als PDF-Download mit nachfolgendem Inhaltsverzeichnis:\" \/>\n<meta property=\"og:url\" content=\"https:\/\/www.immobilienbusiness.ch\/de\/produkt\/immobilien-business-ausgabe-3-2020\/\" \/>\n<meta property=\"og:site_name\" content=\"IMMOBILIEN Business\" \/>\n<meta property=\"article:publisher\" content=\"https:\/\/www.facebook.com\/immobilienbusiness\/\" \/>\n<meta property=\"article:modified_time\" content=\"2026-02-17T15:00:50+00:00\" \/>\n<meta property=\"og:image\" content=\"https:\/\/www.immobilienbusiness.ch\/wp-content\/uploads\/2021\/07\/Immobilien-Business-Ausgabe-3-2020.png\" \/>\n\t<meta property=\"og:image:width\" content=\"654\" \/>\n\t<meta property=\"og:image:height\" content=\"370\" \/>\n\t<meta property=\"og:image:type\" content=\"image\/png\" \/>\n<meta name=\"twitter:card\" content=\"summary_large_image\" \/>\n<script type=\"application\/ld+json\" class=\"yoast-schema-graph\">{\"@context\":\"https:\\\/\\\/schema.org\",\"@graph\":[{\"@type\":\"WebPage\",\"@id\":\"https:\\\/\\\/www.immobilienbusiness.ch\\\/produkt\\\/immobilien-business-ausgabe-3-2020\\\/\",\"url\":\"https:\\\/\\\/www.immobilienbusiness.ch\\\/produkt\\\/immobilien-business-ausgabe-3-2020\\\/\",\"name\":\"Immobilien Business Ausgabe 3\\\/2020 - IMMOBILIEN Business\",\"isPartOf\":{\"@id\":\"https:\\\/\\\/www.immobilienbusiness.ch\\\/#website\"},\"primaryImageOfPage\":{\"@id\":\"https:\\\/\\\/www.immobilienbusiness.ch\\\/produkt\\\/immobilien-business-ausgabe-3-2020\\\/#primaryimage\"},\"image\":{\"@id\":\"https:\\\/\\\/www.immobilienbusiness.ch\\\/produkt\\\/immobilien-business-ausgabe-3-2020\\\/#primaryimage\"},\"thumbnailUrl\":\"https:\\\/\\\/www.immobilienbusiness.ch\\\/wp-content\\\/uploads\\\/2021\\\/07\\\/Immobilien-Business-Ausgabe-3-2020.png\",\"datePublished\":\"2021-07-15T10:30:05+00:00\",\"dateModified\":\"2026-02-17T15:00:50+00:00\",\"description\":\"Erhalte die deutschsprachige Fachzeitschrift \u00abimmobilienbusiness\u00bb in der Immobilien Business Ausgabe 3\\\/2020 als PDF-Download mit nachfolgendem Inhaltsverzeichnis:\",\"breadcrumb\":{\"@id\":\"https:\\\/\\\/www.immobilienbusiness.ch\\\/produkt\\\/immobilien-business-ausgabe-3-2020\\\/#breadcrumb\"},\"inLanguage\":\"de\",\"potentialAction\":[{\"@type\":\"ReadAction\",\"target\":[\"https:\\\/\\\/www.immobilienbusiness.ch\\\/produkt\\\/immobilien-business-ausgabe-3-2020\\\/\"]}]},{\"@type\":\"ImageObject\",\"inLanguage\":\"de\",\"@id\":\"https:\\\/\\\/www.immobilienbusiness.ch\\\/produkt\\\/immobilien-business-ausgabe-3-2020\\\/#primaryimage\",\"url\":\"https:\\\/\\\/www.immobilienbusiness.ch\\\/wp-content\\\/uploads\\\/2021\\\/07\\\/Immobilien-Business-Ausgabe-3-2020.png\",\"contentUrl\":\"https:\\\/\\\/www.immobilienbusiness.ch\\\/wp-content\\\/uploads\\\/2021\\\/07\\\/Immobilien-Business-Ausgabe-3-2020.png\",\"width\":654,\"height\":370},{\"@type\":\"BreadcrumbList\",\"@id\":\"https:\\\/\\\/www.immobilienbusiness.ch\\\/produkt\\\/immobilien-business-ausgabe-3-2020\\\/#breadcrumb\",\"itemListElement\":[{\"@type\":\"ListItem\",\"position\":1,\"name\":\"Home\",\"item\":\"https:\\\/\\\/www.immobilienbusiness.ch\\\/\"},{\"@type\":\"ListItem\",\"position\":2,\"name\":\"Shop\",\"item\":\"https:\\\/\\\/www.immobilienbusiness.ch\\\/en\\\/shop\\\/\"},{\"@type\":\"ListItem\",\"position\":3,\"name\":\"Immobilien Business Ausgabe 3\\\/2020\"}]},{\"@type\":\"WebSite\",\"@id\":\"https:\\\/\\\/www.immobilienbusiness.ch\\\/#website\",\"url\":\"https:\\\/\\\/www.immobilienbusiness.ch\\\/\",\"name\":\"IMMOBILIEN Business\",\"description\":\"Unabh\u00e4ngiges Schweizer Wirtschaftsmagazin mit Fokus auf Immobilien, Architektur- und Bau sowie Investment- und Finanzierung.\",\"publisher\":{\"@id\":\"https:\\\/\\\/www.immobilienbusiness.ch\\\/#organization\"},\"potentialAction\":[{\"@type\":\"SearchAction\",\"target\":{\"@type\":\"EntryPoint\",\"urlTemplate\":\"https:\\\/\\\/www.immobilienbusiness.ch\\\/?s={search_term_string}\"},\"query-input\":{\"@type\":\"PropertyValueSpecification\",\"valueRequired\":true,\"valueName\":\"search_term_string\"}}],\"inLanguage\":\"de\"},{\"@type\":\"Organization\",\"@id\":\"https:\\\/\\\/www.immobilienbusiness.ch\\\/#organization\",\"name\":\"IMMOBILIEN Business\",\"url\":\"https:\\\/\\\/www.immobilienbusiness.ch\\\/\",\"logo\":{\"@type\":\"ImageObject\",\"inLanguage\":\"de\",\"@id\":\"https:\\\/\\\/www.immobilienbusiness.ch\\\/#\\\/schema\\\/logo\\\/image\\\/\",\"url\":\"https:\\\/\\\/www.immobilienbusiness.ch\\\/wp-content\\\/uploads\\\/2021\\\/07\\\/logo_ib.png\",\"contentUrl\":\"https:\\\/\\\/www.immobilienbusiness.ch\\\/wp-content\\\/uploads\\\/2021\\\/07\\\/logo_ib.png\",\"width\":800,\"height\":181,\"caption\":\"IMMOBILIEN Business\"},\"image\":{\"@id\":\"https:\\\/\\\/www.immobilienbusiness.ch\\\/#\\\/schema\\\/logo\\\/image\\\/\"},\"sameAs\":[\"https:\\\/\\\/www.facebook.com\\\/immobilienbusiness\\\/\"]}]}<\/script>\n<!-- \/ Yoast SEO plugin. -->","yoast_head_json":{"title":"Immobilien Business Ausgabe 3\/2020 - IMMOBILIEN Business","description":"Erhalte die deutschsprachige Fachzeitschrift \u00abimmobilienbusiness\u00bb in der Immobilien Business Ausgabe 3\/2020 als PDF-Download mit nachfolgendem Inhaltsverzeichnis:","robots":{"index":"index","follow":"follow","max-snippet":"max-snippet:-1","max-image-preview":"max-image-preview:large","max-video-preview":"max-video-preview:-1"},"canonical":"https:\/\/www.immobilienbusiness.ch\/de\/produkt\/immobilien-business-ausgabe-3-2020\/","og_locale":"de_DE","og_type":"article","og_title":"Immobilien Business Ausgabe 3\/2020 - IMMOBILIEN Business","og_description":"Erhalte die deutschsprachige Fachzeitschrift \u00abimmobilienbusiness\u00bb in der Immobilien Business Ausgabe 3\/2020 als PDF-Download mit nachfolgendem Inhaltsverzeichnis:","og_url":"https:\/\/www.immobilienbusiness.ch\/de\/produkt\/immobilien-business-ausgabe-3-2020\/","og_site_name":"IMMOBILIEN Business","article_publisher":"https:\/\/www.facebook.com\/immobilienbusiness\/","article_modified_time":"2026-02-17T15:00:50+00:00","og_image":[{"width":654,"height":370,"url":"https:\/\/www.immobilienbusiness.ch\/wp-content\/uploads\/2021\/07\/Immobilien-Business-Ausgabe-3-2020.png","type":"image\/png"}],"twitter_card":"summary_large_image","schema":{"@context":"https:\/\/schema.org","@graph":[{"@type":"WebPage","@id":"https:\/\/www.immobilienbusiness.ch\/produkt\/immobilien-business-ausgabe-3-2020\/","url":"https:\/\/www.immobilienbusiness.ch\/produkt\/immobilien-business-ausgabe-3-2020\/","name":"Immobilien Business Ausgabe 3\/2020 - IMMOBILIEN Business","isPartOf":{"@id":"https:\/\/www.immobilienbusiness.ch\/#website"},"primaryImageOfPage":{"@id":"https:\/\/www.immobilienbusiness.ch\/produkt\/immobilien-business-ausgabe-3-2020\/#primaryimage"},"image":{"@id":"https:\/\/www.immobilienbusiness.ch\/produkt\/immobilien-business-ausgabe-3-2020\/#primaryimage"},"thumbnailUrl":"https:\/\/www.immobilienbusiness.ch\/wp-content\/uploads\/2021\/07\/Immobilien-Business-Ausgabe-3-2020.png","datePublished":"2021-07-15T10:30:05+00:00","dateModified":"2026-02-17T15:00:50+00:00","description":"Erhalte die deutschsprachige Fachzeitschrift \u00abimmobilienbusiness\u00bb in der Immobilien Business Ausgabe 3\/2020 als PDF-Download mit nachfolgendem Inhaltsverzeichnis:","breadcrumb":{"@id":"https:\/\/www.immobilienbusiness.ch\/produkt\/immobilien-business-ausgabe-3-2020\/#breadcrumb"},"inLanguage":"de","potentialAction":[{"@type":"ReadAction","target":["https:\/\/www.immobilienbusiness.ch\/produkt\/immobilien-business-ausgabe-3-2020\/"]}]},{"@type":"ImageObject","inLanguage":"de","@id":"https:\/\/www.immobilienbusiness.ch\/produkt\/immobilien-business-ausgabe-3-2020\/#primaryimage","url":"https:\/\/www.immobilienbusiness.ch\/wp-content\/uploads\/2021\/07\/Immobilien-Business-Ausgabe-3-2020.png","contentUrl":"https:\/\/www.immobilienbusiness.ch\/wp-content\/uploads\/2021\/07\/Immobilien-Business-Ausgabe-3-2020.png","width":654,"height":370},{"@type":"BreadcrumbList","@id":"https:\/\/www.immobilienbusiness.ch\/produkt\/immobilien-business-ausgabe-3-2020\/#breadcrumb","itemListElement":[{"@type":"ListItem","position":1,"name":"Home","item":"https:\/\/www.immobilienbusiness.ch\/"},{"@type":"ListItem","position":2,"name":"Shop","item":"https:\/\/www.immobilienbusiness.ch\/en\/shop\/"},{"@type":"ListItem","position":3,"name":"Immobilien Business Ausgabe 3\/2020"}]},{"@type":"WebSite","@id":"https:\/\/www.immobilienbusiness.ch\/#website","url":"https:\/\/www.immobilienbusiness.ch\/","name":"IMMOBILIEN Business","description":"Unabh\u00e4ngiges Schweizer Wirtschaftsmagazin mit Fokus auf Immobilien, Architektur- und Bau sowie Investment- und Finanzierung.","publisher":{"@id":"https:\/\/www.immobilienbusiness.ch\/#organization"},"potentialAction":[{"@type":"SearchAction","target":{"@type":"EntryPoint","urlTemplate":"https:\/\/www.immobilienbusiness.ch\/?s={search_term_string}"},"query-input":{"@type":"PropertyValueSpecification","valueRequired":true,"valueName":"search_term_string"}}],"inLanguage":"de"},{"@type":"Organization","@id":"https:\/\/www.immobilienbusiness.ch\/#organization","name":"IMMOBILIEN Business","url":"https:\/\/www.immobilienbusiness.ch\/","logo":{"@type":"ImageObject","inLanguage":"de","@id":"https:\/\/www.immobilienbusiness.ch\/#\/schema\/logo\/image\/","url":"https:\/\/www.immobilienbusiness.ch\/wp-content\/uploads\/2021\/07\/logo_ib.png","contentUrl":"https:\/\/www.immobilienbusiness.ch\/wp-content\/uploads\/2021\/07\/logo_ib.png","width":800,"height":181,"caption":"IMMOBILIEN Business"},"image":{"@id":"https:\/\/www.immobilienbusiness.ch\/#\/schema\/logo\/image\/"},"sameAs":["https:\/\/www.facebook.com\/immobilienbusiness\/"]}]}},"_links":{"self":[{"href":"https:\/\/www.immobilienbusiness.ch\/de\/wp-json\/wp\/v2\/product\/37260","targetHints":{"allow":["GET"]}}],"collection":[{"href":"https:\/\/www.immobilienbusiness.ch\/de\/wp-json\/wp\/v2\/product"}],"about":[{"href":"https:\/\/www.immobilienbusiness.ch\/de\/wp-json\/wp\/v2\/types\/product"}],"wp:featuredmedia":[{"embeddable":true,"href":"https:\/\/www.immobilienbusiness.ch\/de\/wp-json\/wp\/v2\/media\/37290"}],"wp:attachment":[{"href":"https:\/\/www.immobilienbusiness.ch\/de\/wp-json\/wp\/v2\/media?parent=37260"}],"wp:term":[{"taxonomy":"product_brand","embeddable":true,"href":"https:\/\/www.immobilienbusiness.ch\/de\/wp-json\/wp\/v2\/product_brand?post=37260"},{"taxonomy":"product_cat","embeddable":true,"href":"https:\/\/www.immobilienbusiness.ch\/de\/wp-json\/wp\/v2\/product_cat?post=37260"},{"taxonomy":"product_tag","embeddable":true,"href":"https:\/\/www.immobilienbusiness.ch\/de\/wp-json\/wp\/v2\/product_tag?post=37260"}],"curies":[{"name":"wp","href":"https:\/\/api.w.org\/{rel}","templated":true}]}}